{"id":8540,"date":"2022-07-13T22:46:44","date_gmt":"2022-07-13T20:46:44","guid":{"rendered":"https:\/\/www.stvsteinach.ch\/?page_id=8540"},"modified":"2025-03-12T14:58:02","modified_gmt":"2025-03-12T13:58:02","slug":"kontakt-womensports-gold","status":"publish","type":"page","link":"https:\/\/test.stvsteinach.ch\/index.php\/aktive\/womensports-gold\/kontakt-womensports-gold\/","title":{"rendered":"Kontakt WomenSports Gold"},"content":{"rendered":"<div class=\"wpb-content-wrapper\"><p>[vc_row][vc_column][ivan_call_action heading=&#8221;Haben Sie offene Fragen?&#8221; type=&#8221;with-icon&#8221; ico_family=&#8221;el el-&#8221; desc=&#8221;F\u00fcr Ihre Anregungen, Anfragen oder sonstige Fragen betreffend der WomenSports Gold-Riege des STV Steinach , steht Ihnen die Oberturnerin gerne zur Verf\u00fcgung. Wir sind bem\u00fcht, Ihre Nachricht so schnell als m\u00f6glich zu beantworten und zu bearbeiten.&#8221; c_id=&#8221;.vc_1657744055819&#8243; title_css=&#8221;font-family:gf-Pacifico;color:#a6224b;&#8221; ico=&#8221;chat&#8221;][\/ivan_call_action][\/vc_column][\/vc_row][vc_row][vc_column width=&#8221;2\/3&#8243;][vc_column_text c_id=&#8221;.vc_1657745189351&#8243;]<noscript class=\"ninja-forms-noscript-message\">\n\tHinweis: F\u00fcr diesen Inhalt ist JavaScript erforderlich.<\/noscript>\n<div class=\"row\"><\/div><!--.row--><div id=\"nf-form-88-cont\" class=\"nf-form-cont\" aria-live=\"polite\" aria-labelledby=\"nf-form-title-88\" aria-describedby=\"nf-form-errors-88\" role=\"form\">\n\n    <div class=\"nf-loading-spinner\"><\/div>\n\n<\/div>\n        <!-- That data is being printed as a workaround to page builders reordering the order of the scripts loaded-->\n        <script>var formDisplay=1;var nfForms=nfForms||[];var form=[];form.id='88';form.settings={\"objectType\":\"Form Setting\",\"editActive\":true,\"title\":\"Kontakt WomenSports Gold\",\"created_at\":\"2022-07-13 22:39:04\",\"show_title\":\"0\",\"clear_complete\":\"1\",\"hide_complete\":\"1\",\"logged_in\":\"0\",\"sub_limit_number\":\"\",\"sub_limit_msg\":\"\",\"last_sub\":\"1\",\"status\":\"\",\"admin_attach_csv\":\"0\",\"user_email_msg\":\"Thank you so much for contacting us. We will get back to you shortly.\",\"success_msg\":\"Your form has been successfully submitted.\",\"save_subs\":\"1\",\"not_logged_in_msg\":\"\",\"email_from_name\":\"\",\"admin_email_fields\":\"1\",\"email_from\":\"\",\"email_type\":\"html\",\"append_page\":\"\",\"admin_email_msg\":\"\",\"user_email_fields\":\"0\",\"ajax\":\"0\",\"date_updated\":\"2016-01-04 18:07:02\",\"allow_public_link\":0,\"embed_form\":\"\",\"wrapper_class\":\"\",\"element_class\":\"\",\"key\":\"\",\"add_submit\":1,\"changeEmailErrorMsg\":\"Bitte gib eine g\\u00fcltige E-Mail-Adresse ein.\",\"changeDateErrorMsg\":\"Bitte gib ein g\\u00fcltiges Datum ein!\",\"confirmFieldErrorMsg\":\"Diese Felder m\\u00fcssen \\u00fcbereinstimmen!\",\"fieldNumberNumMinError\":\"Die eingegebene Zahl ist zu klein.\",\"fieldNumberNumMaxError\":\"Die eingegebene Zahl ist zu gross.\",\"fieldNumberIncrementBy\":\"Bitte erh\\u00f6hen in Schritten von\",\"formErrorsCorrectErrors\":\"Bitte korrigiere die Fehler, bevor du das Formular sendest.\",\"validateRequiredField\":\"Dies ist ein Pflichtfeld.\",\"honeypotHoneypotError\":\"Honeypot-Fehler\",\"fieldsMarkedRequired\":\"Felder mit einem <span class=\\\"ninja-forms-req-symbol\\\">*<\\\/span> sind Pflichtfelder\",\"currency\":\"\",\"unique_field_error\":\"Ein Formular mit diesem Wert wurde bereits eingereicht.\",\"calculations\":[],\"formContentData\":[\"textbox_149\",\"email_150\",\"textarea_151\",\"spam_152\",\"submit_153\"],\"drawerDisabled\":false,\"default_label_pos\":\"above\",\"ninjaForms\":\"Ninja Forms\",\"fieldTextareaRTEInsertLink\":\"Link einf\\u00fcgen\",\"fieldTextareaRTEInsertMedia\":\"Medien einf\\u00fcgen\",\"fieldTextareaRTESelectAFile\":\"Eine Datei ausw\\u00e4hlen\",\"formHoneypot\":\"Falls du ein Mensch bist und dieses Feld siehst, dann lasse es bitte leer.\",\"fileUploadOldCodeFileUploadInProgress\":\"Datei-Upload l\\u00e4uft.\",\"fileUploadOldCodeFileUpload\":\"DATEI-UPLOAD\",\"currencySymbol\":\"&#67;&#72;&#70;\",\"thousands_sep\":\".\",\"decimal_point\":\",\",\"siteLocale\":\"de_DE\",\"dateFormat\":\"d\\\/m\\\/Y\",\"startOfWeek\":\"1\",\"of\":\"von\",\"previousMonth\":\"Vorheriger Monat\",\"nextMonth\":\"N\\u00e4chster Monat\",\"months\":[\"Januar\",\"Februar\",\"M\\u00e4rz\",\"April\",\"Mai\",\"Juni\",\"Juli\",\"August\",\"September\",\"Oktober\",\"November\",\"Dezember\"],\"monthsShort\":[\"Jan\",\"Feb\",\"Mrz\",\"Apr\",\"Mai\",\"Jun\",\"Jul\",\"Aug\",\"Sep\",\"Okt\",\"Nov\",\"Dez\"],\"weekdays\":[\"Sonntag\",\"Montag\",\"Dienstag\",\"Mittwoch\",\"Donnerstag\",\"Freitag\",\"Samstag\"],\"weekdaysShort\":[\"So\",\"Mo\",\"Die\",\"Mi\",\"Do\",\"Fr\",\"Sa\"],\"weekdaysMin\":[\"So.\",\"Mo.\",\"Di.\",\"Mi.\",\"Do.\",\"Fr.\",\"Sa.\"],\"recaptchaConsentMissing\":\"reCaptcha validation couldn&#039;t load.\",\"recaptchaMissingCookie\":\"reCaptcha v3 validation couldn&#039;t load the cookie needed to submit the form.\",\"recaptchaConsentEvent\":\"Accept reCaptcha cookies before sending the form.\",\"currency_symbol\":\"\",\"beforeForm\":\"\",\"beforeFields\":null,\"afterFields\":null,\"afterForm\":\"\"};form.fields=[{\"objectType\":\"Field\",\"objectDomain\":\"fields\",\"editActive\":false,\"order\":0,\"idAttribute\":\"id\",\"bootstrap-cols\":\"col-xs-12 col-sm-12 col-md-12\",\"element_class\":\"\",\"first_name\":\"\",\"last_name\":\"\",\"from_name\":0,\"user_address_1\":\"\",\"user_address_2\":\"\",\"user_city\":\"\",\"user_zip\":\"\",\"user_phone\":\"\",\"user_email\":\"\",\"user_info_field_group\":\"\",\"show_help\":0,\"help_text\":\"\",\"show_desc\":0,\"desc_pos\":\"none\",\"desc_text\":\"\",\"calc_auto_include\":0,\"placeholder\":\"\",\"disable_input\":0,\"input_limit\":\"\",\"input_limit_type\":\"char\",\"user_info_field_group_custom\":\"\",\"user_info_field_group_name\":\"\",\"admin_label\":\"\",\"num_sort\":0,\"autocomplete_off\":0,\"user_state\":0,\"input_limit_msg\":\"\",\"mask\":\"\",\"datepicker\":0,\"label_pos\":\"above\",\"def_id\":0,\"fav_id\":0,\"field_key\":\"textbox_149\",\"field_label\":\"Name\",\"required\":1,\"label\":\"Name\",\"key\":\"textbox_149\",\"type\":\"textbox\",\"default\":\"\",\"container_class\":\"\",\"manual_key\":false,\"custom_mask\":\"\",\"custom_name_attribute\":\"\",\"personally_identifiable\":\"\",\"value\":\"\",\"id\":313,\"beforeField\":\"\",\"afterField\":\"\",\"parentType\":\"textbox\",\"element_templates\":[\"textbox\",\"input\"],\"old_classname\":\"\",\"wrap_template\":\"wrap\"},{\"objectType\":\"Field\",\"objectDomain\":\"fields\",\"editActive\":false,\"order\":1,\"idAttribute\":\"id\",\"default\":\"\",\"required\":1,\"element_class\":\"\",\"desc_pos\":\"none\",\"desc_text\":\"\",\"show_desc\":0,\"user_info_field_group_custom\":\"\",\"conditional\":\"\",\"user_info_field_group_name\":\"\",\"calc_option\":0,\"calc_auto_include\":0,\"help_text\":\"\",\"show_help\":0,\"field_label\":\"Email\",\"field_key\":\"email_150\",\"fav_id\":0,\"def_id\":14,\"label_pos\":\"above\",\"default_value\":\"\",\"mask\":\"\",\"datepicker\":0,\"first_name\":0,\"last_name\":0,\"from_name\":0,\"user_address_1\":0,\"user_address_2\":0,\"user_city\":0,\"user_zip\":0,\"user_phone\":0,\"user_info_field_group\":1,\"label\":\"Email\",\"key\":\"email_150\",\"type\":\"email\",\"placeholder\":\"\",\"container_class\":\"\",\"admin_label\":\"\",\"custom_name_attribute\":\"email\",\"personally_identifiable\":1,\"value\":\"\",\"id\":314,\"beforeField\":\"\",\"afterField\":\"\",\"parentType\":\"email\",\"element_templates\":[\"email\",\"input\"],\"old_classname\":\"\",\"wrap_template\":\"wrap\"},{\"objectType\":\"Field\",\"objectDomain\":\"fields\",\"editActive\":false,\"order\":2,\"idAttribute\":\"id\",\"input_limit_msg\":\"\",\"input_limit_type\":\"char\",\"input_limit\":\"\",\"calc_auto_include\":0,\"desc_text\":\"\",\"desc_pos\":\"none\",\"default\":\"\",\"required\":1,\"element_class\":\"\",\"bootstrap-cols\":\"col-xs-12 col-sm-12 col-md-12\",\"admin_label\":\"\",\"num_sort\":0,\"show_desc\":0,\"show_help\":0,\"help_text\":\"\",\"disable_rte_mobile\":0,\"textarea_media\":0,\"textarea_rte\":0,\"default_value\":\"\",\"def_id\":0,\"label_pos\":\"above\",\"fav_id\":0,\"field_label\":\"Mitteilung\",\"field_key\":\"textarea_151\",\"label\":\"Mitteilung\",\"key\":\"textarea_151\",\"type\":\"textarea\",\"placeholder\":\"\",\"container_class\":\"\",\"manual_key\":false,\"value\":\"\",\"id\":315,\"beforeField\":\"\",\"afterField\":\"\",\"parentType\":\"textarea\",\"element_templates\":[\"textarea\",\"input\"],\"old_classname\":\"\",\"wrap_template\":\"wrap\"},{\"objectType\":\"Field\",\"objectDomain\":\"fields\",\"editActive\":false,\"order\":3,\"idAttribute\":\"id\",\"required\":1,\"element_class\":\"\",\"bootstrap-cols\":\"col-xs-12 col-sm-12 col-md-12\",\"desc_pos\":\"none\",\"desc_text\":\"\",\"show_desc\":0,\"help_text\":\"\",\"show_help\":0,\"spam_answer\":7,\"label_pos\":\"left\",\"def_id\":0,\"fav_id\":0,\"field_key\":\"spam_152\",\"field_label\":\"Was ergibt 13 minus 6?\",\"label\":\"Was ergibt 13 minus 6?\",\"key\":\"spam_152\",\"type\":\"spam\",\"default\":\"\",\"placeholder\":\"\",\"container_class\":\"\",\"input_limit\":\"\",\"input_limit_type\":\"characters\",\"input_limit_msg\":\"verbleibende(s) Zeichen\",\"manual_key\":true,\"admin_label\":\"\",\"value\":\"\",\"id\":316,\"beforeField\":\"\",\"afterField\":\"\",\"parentType\":\"spam\",\"element_templates\":[\"textbox\",\"input\"],\"old_classname\":\"\",\"wrap_template\":\"wrap\"},{\"objectType\":\"Field\",\"objectDomain\":\"fields\",\"editActive\":false,\"order\":4,\"idAttribute\":\"id\",\"element_class\":\"\",\"processing_label\":\"Processing\",\"bootstrap-cols\":\"col-xs-12 col-sm-12 col-md-12\",\"desc_text\":\"\",\"desc_pos\":\"none\",\"show_desc\":0,\"help_text\":\"\",\"show_help\":0,\"def_id\":0,\"fav_id\":0,\"field_key\":\"submit_153\",\"field_label\":\"Senden\",\"label\":\"Senden\",\"key\":\"submit_153\",\"type\":\"submit\",\"container_class\":\"\",\"id\":317,\"beforeField\":\"\",\"afterField\":\"\",\"value\":\"\",\"label_pos\":\"above\",\"parentType\":\"textbox\",\"element_templates\":[\"submit\",\"button\",\"input\"],\"old_classname\":\"\",\"wrap_template\":\"wrap-no-label\"}];nfForms.push(form);<\/script>\n        [\/vc_column_text][\/vc_column][vc_column width=&#8221;1\/3&#8243;][ivan_staff image_id=&#8221;3932&#8243; social_auto=&#8221;no&#8221; c_id=&#8221;.vc_1722189510480&#8243; name=&#8221;Raphaela Popp&#8221; job_title=&#8221;Administration WomenSports Gold&#8221;]<\/p>\n<p style=\"text-align: center;\">womensportsgold@stvsteinach.ch<\/p>\n<p>[\/ivan_staff][\/vc_column][\/vc_row]<\/p>\n<\/div>","protected":false},"excerpt":{"rendered":"<p>[vc_row][vc_column][ivan_call_action heading=&#8221;Haben Sie offene Fragen?&#8221; type=&#8221;with-icon&#8221; ico_family=&#8221;el el-&#8221; desc=&#8221;F\u00fcr Ihre Anregungen, Anfragen oder sonstige Fragen betreffend der WomenSports Gold-Riege des STV Steinach , steht Ihnen die Oberturnerin gerne zur Verf\u00fcgung. [&hellip;]<\/p>\n","protected":false},"author":16,"featured_media":0,"parent":8489,"menu_order":0,"comment_status":"closed","ping_status":"closed","template":"page-templates\/page-right.php","meta":{"footnotes":""},"class_list":["post-8540","page","type-page","status-publish","hentry","no-thumbnail"],"aioseo_notices":[],"_links":{"self":[{"href":"https:\/\/test.stvsteinach.ch\/index.php\/wp-json\/wp\/v2\/pages\/8540","targetHints":{"allow":["GET"]}}],"collection":[{"href":"https:\/\/test.stvsteinach.ch\/index.php\/wp-json\/wp\/v2\/pages"}],"about":[{"href":"https:\/\/test.stvsteinach.ch\/index.php\/wp-json\/wp\/v2\/types\/page"}],"author":[{"embeddable":true,"href":"https:\/\/test.stvsteinach.ch\/index.php\/wp-json\/wp\/v2\/users\/16"}],"replies":[{"embeddable":true,"href":"https:\/\/test.stvsteinach.ch\/index.php\/wp-json\/wp\/v2\/comments?post=8540"}],"version-history":[{"count":2,"href":"https:\/\/test.stvsteinach.ch\/index.php\/wp-json\/wp\/v2\/pages\/8540\/revisions"}],"predecessor-version":[{"id":11225,"href":"https:\/\/test.stvsteinach.ch\/index.php\/wp-json\/wp\/v2\/pages\/8540\/revisions\/11225"}],"up":[{"embeddable":true,"href":"https:\/\/test.stvsteinach.ch\/index.php\/wp-json\/wp\/v2\/pages\/8489"}],"wp:attachment":[{"href":"https:\/\/test.stvsteinach.ch\/index.php\/wp-json\/wp\/v2\/media?parent=8540"}],"curies":[{"name":"wp","href":"https:\/\/api.w.org\/{rel}","templated":true}]}}