{"id":7708,"date":"2021-07-18T09:12:25","date_gmt":"2021-07-18T07:12:25","guid":{"rendered":"https:\/\/www.stvsteinach.ch\/?page_id=7708"},"modified":"2025-04-25T18:28:19","modified_gmt":"2025-04-25T16:28:19","slug":"portrait-kidsgym","status":"publish","type":"page","link":"https:\/\/test.stvsteinach.ch\/index.php\/geraeteturnen\/kidsgym\/portrait-kidsgym\/","title":{"rendered":"Portrait Kidsgym"},"content":{"rendered":"<div class=\"wpb-content-wrapper\"><p>[vc_row][vc_column][vc_column_text c_id=&#8221;.vc_1674028861135&#8243;]Das KidsGym ist eine Riege des Ger\u00e4teturnens und dient als Vorstufe bzw. als \u00dcbergang zur Ger\u00e4teriege. In erster Linie geht es darum, Kindern im Alter von 5 \u2013 7 Jahren (Kindergarten\/ 1. Klasse) eine altersentsprechende Einf\u00fchrung in die Welt des Ger\u00e4teturnens zu erm\u00f6glichen. Die spielerisch angeleitete Trainingsgestaltung basiert auf den Bewegungsgrundformen (st\u00fctzen, hangen, rollen, balancieren, \u2026) nach J&amp;S Kids. Dabei liegt der Schwerpunkt auf dem Turnen an den Ger\u00e4ten Reck, Barren, Boden, Sprung und den Schaukelringen.[\/vc_column_text][\/vc_column][vc_column][vc_text_separator title=&#8221;Infos zum Training&#8221; i_icon_fontawesome=&#8221;fas fa-arrow-down&#8221; i_color=&#8221;custom&#8221; add_icon=&#8221;true&#8221; i_custom_color=&#8221;#a6224b&#8221;][\/vc_column][vc_column][vc_column_text css=&#8221;&#8221; c_id=&#8221;.vc_1745598489862&#8243;]<strong>Trainingszeiten:<\/strong><\/p>\n<p>Schnuppertraining am 12. und 19. Mai 2025! Nur mit Anmeldung bis am 7. Mai m\u00f6glich. Kontaktaufnahme gerne via xeniagrueninger@gmail.com<\/p>\n<p>NEU: Montag, 17.45 &#8211; 18.45 Uhr<\/p>\n<p>Ort: kleine Turnhalle[\/vc_column_text][\/vc_column][\/vc_row][vc_row][vc_column][vc_column_text c_id=&#8221;.vc_1629451838456&#8243;]<strong>KidsGym &#8211; ABC:<\/strong>[\/vc_column_text][ivan_button link=&#8221;https:\/\/www.stvsteinach.ch\/wp-content\/uploads\/2021\/08\/KidsGym-ABC.pdf&#8221; c_id=&#8221;.vc_1629390903775&#8243;]PDF Anzeigen: Infos zum Training[\/ivan_button][vc_separator][\/vc_column][\/vc_row][vc_row][vc_column][vc_single_image image=&#8221;7718&#8243; alignment=&#8221;center&#8221;][\/vc_column][\/vc_row]<\/p>\n<\/div>","protected":false},"excerpt":{"rendered":"<p>[vc_row][vc_column][vc_column_text c_id=&#8221;.vc_1674028861135&#8243;]Das KidsGym ist eine Riege des Ger\u00e4teturnens und dient als Vorstufe bzw. als \u00dcbergang zur Ger\u00e4teriege. In erster Linie geht es darum, Kindern im Alter von 5 \u2013 7 [&hellip;]<\/p>\n","protected":false},"author":1,"featured_media":0,"parent":7705,"menu_order":0,"comment_status":"closed","ping_status":"closed","template":"page-templates\/page-right.php","meta":{"footnotes":""},"class_list":["post-7708","page","type-page","status-publish","hentry","no-thumbnail"],"aioseo_notices":[],"_links":{"self":[{"href":"https:\/\/test.stvsteinach.ch\/index.php\/wp-json\/wp\/v2\/pages\/7708","targetHints":{"allow":["GET"]}}],"collection":[{"href":"https:\/\/test.stvsteinach.ch\/index.php\/wp-json\/wp\/v2\/pages"}],"about":[{"href":"https:\/\/test.stvsteinach.ch\/index.php\/wp-json\/wp\/v2\/types\/page"}],"author":[{"embeddable":true,"href":"https:\/\/test.stvsteinach.ch\/index.php\/wp-json\/wp\/v2\/users\/1"}],"replies":[{"embeddable":true,"href":"https:\/\/test.stvsteinach.ch\/index.php\/wp-json\/wp\/v2\/comments?post=7708"}],"version-history":[{"count":4,"href":"https:\/\/test.stvsteinach.ch\/index.php\/wp-json\/wp\/v2\/pages\/7708\/revisions"}],"predecessor-version":[{"id":11361,"href":"https:\/\/test.stvsteinach.ch\/index.php\/wp-json\/wp\/v2\/pages\/7708\/revisions\/11361"}],"up":[{"embeddable":true,"href":"https:\/\/test.stvsteinach.ch\/index.php\/wp-json\/wp\/v2\/pages\/7705"}],"wp:attachment":[{"href":"https:\/\/test.stvsteinach.ch\/index.php\/wp-json\/wp\/v2\/media?parent=7708"}],"curies":[{"name":"wp","href":"https:\/\/api.w.org\/{rel}","templated":true}]}}