{"id":5759,"date":"2017-04-20T14:03:19","date_gmt":"2017-04-20T12:03:19","guid":{"rendered":"http:\/\/www.stvsteinach.ch\/wp2\/?page_id=5759"},"modified":"2018-01-03T17:03:11","modified_gmt":"2018-01-03T16:03:11","slug":"portrait-mensports-gold","status":"publish","type":"page","link":"https:\/\/test.stvsteinach.ch\/index.php\/aktive\/mensportsgold\/portrait-mensports-gold\/","title":{"rendered":"Portrait MenSports Gold"},"content":{"rendered":"<div class=\"wpb-content-wrapper\"><p>[vc_row][vc_column][vc_column_text c_id=&#8221;.vc_1514995382319&#8243;]<\/p>\n<div>Wir sind eine Gruppe Sportler zwischen 25 und 45 Jahren, welche unterschiedliche sportliche Interessen unter einen Hut bringt.\u00a0Wir halten uns einmal in der Woche mit\u00a0Spielabenden, Circuit&#8217;s, Ger\u00e4teturnen, Leichtathletik, Mountainbike\u00a0und vielen anderen Aktivit\u00e4ten fit. Das sportliche Niveau ist sehr breit gef\u00e4chert und nimmt individuell auf jeden Einzelnen R\u00fccksicht. Die Trainings finden je nach Witterung (meistens) in der Halle aber auch im Freien statt.<\/div>\n<div>Neben den ordentlichen Trainings beteiligen wir uns auch am Jahresprogramm der anderen Riegen (Alph\u00fctten- und Skiweekend, Weihnachtsanlass, Grillabend, etc.).<\/div>\n<div>Der gem\u00fctliche Teil nach dem Training kommt\u00a0bei uns nat\u00fcrlich auch\u00a0nicht zu kurz.<\/div>\n<p>[\/vc_column_text][\/vc_column][\/vc_row]<\/p>\n<\/div>","protected":false},"excerpt":{"rendered":"<p>[vc_row][vc_column][vc_column_text c_id=&#8221;.vc_1514995382319&#8243;] Wir sind eine Gruppe Sportler zwischen 25 und 45 Jahren, welche unterschiedliche sportliche Interessen unter einen Hut bringt.\u00a0Wir halten uns einmal in der Woche mit\u00a0Spielabenden, Circuit&#8217;s, Ger\u00e4teturnen, Leichtathletik, [&hellip;]<\/p>\n","protected":false},"author":1,"featured_media":0,"parent":3396,"menu_order":0,"comment_status":"closed","ping_status":"closed","template":"page-templates\/page-right.php","meta":{"footnotes":""},"class_list":["post-5759","page","type-page","status-publish","hentry","no-thumbnail"],"aioseo_notices":[],"_links":{"self":[{"href":"https:\/\/test.stvsteinach.ch\/index.php\/wp-json\/wp\/v2\/pages\/5759","targetHints":{"allow":["GET"]}}],"collection":[{"href":"https:\/\/test.stvsteinach.ch\/index.php\/wp-json\/wp\/v2\/pages"}],"about":[{"href":"https:\/\/test.stvsteinach.ch\/index.php\/wp-json\/wp\/v2\/types\/page"}],"author":[{"embeddable":true,"href":"https:\/\/test.stvsteinach.ch\/index.php\/wp-json\/wp\/v2\/users\/1"}],"replies":[{"embeddable":true,"href":"https:\/\/test.stvsteinach.ch\/index.php\/wp-json\/wp\/v2\/comments?post=5759"}],"version-history":[{"count":0,"href":"https:\/\/test.stvsteinach.ch\/index.php\/wp-json\/wp\/v2\/pages\/5759\/revisions"}],"up":[{"embeddable":true,"href":"https:\/\/test.stvsteinach.ch\/index.php\/wp-json\/wp\/v2\/pages\/3396"}],"wp:attachment":[{"href":"https:\/\/test.stvsteinach.ch\/index.php\/wp-json\/wp\/v2\/media?parent=5759"}],"curies":[{"name":"wp","href":"https:\/\/api.w.org\/{rel}","templated":true}]}}