{"id":4730,"date":"2016-05-29T10:30:00","date_gmt":"2016-05-29T08:30:00","guid":{"rendered":"http:\/\/www.stvsteinach.ch\/wp2\/?page_id=4730"},"modified":"2025-03-10T14:18:43","modified_gmt":"2025-03-10T13:18:43","slug":"vorstand-neu","status":"publish","type":"page","link":"https:\/\/test.stvsteinach.ch\/index.php\/derverein\/ueber-uns\/vorstand-neu\/","title":{"rendered":"Der Vorstand"},"content":{"rendered":"<div class=\"wpb-content-wrapper\"><p>[vc_row][vc_column][vc_column_text c_id=&#8221;.vc_1675154805924&#8243;]<\/p>\n<p style=\"text-align: center;\"><strong>Der Vorstand des STV Steinach<\/strong><\/p>\n<p style=\"text-align: center;\">Als junges, dynamisches Team haben wir es uns zum Ziel gesetzt, den STV Steinach zukunftsorientiert und modern zu f\u00fchren. Uns ist es wichtig, m\u00f6glichst vielen Kindern, Jugendlichen und Erwachsenen aus dem Dorf und der n\u00e4heren Umgebung eine M\u00f6glichkeit f\u00fcr eine sportliche Bet\u00e4tigung zu geben und die Gemeinschaft zu f\u00f6rdern.<\/p>\n<p>[\/vc_column_text][vc_single_image image=&#8221;11166&#8243; alignment=&#8221;center&#8221; css=&#8221;&#8221; img_size=&#8221;ivan_project_large_wide&#8221;][vc_text_separator title=&#8221;Wer macht was?&#8221; i_icon_fontawesome=&#8221;far fa-hand-point-down&#8221; i_color=&#8221;custom&#8221; add_icon=&#8221;true&#8221; i_custom_color=&#8221;#a6224b&#8221;][\/vc_column][\/vc_row][vc_row][vc_column width=&#8221;1\/4&#8243;][vc_single_image image=&#8221;10397&#8243; alignment=&#8221;center&#8221; css_animation=&#8221;left-to-right&#8221; css=&#8221;&#8221; img_size=&#8221;thumbnail&#8221;][\/vc_column][vc_column width=&#8221;1\/4&#8243;][ivan_staff sep=&#8221;no&#8221; social_auto=&#8221;no&#8221; c_id=&#8221;.vc_1741597286475&#8243; name=&#8221;Samuel Gr\u00fcninger&#8221; job_title=&#8221;Pr\u00e4sident&#8221; envelope=&#8221;mailto: praesident@stvsteinach.ch&#8221;]<\/p>\n<h6 class=\"name\" style=\"text-align: center;\">+41 79 920 89 07<\/h6>\n<p>[\/ivan_staff][\/vc_column][vc_column width=&#8221;1\/4&#8243;][vc_single_image image=&#8221;11167&#8243; alignment=&#8221;center&#8221; css_animation=&#8221;left-to-right&#8221; css=&#8221;&#8221; img_size=&#8221;thumbnail&#8221;][\/vc_column][vc_column width=&#8221;1\/4&#8243;][ivan_staff sep=&#8221;no&#8221; social_auto=&#8221;no&#8221; c_id=&#8221;.vc_1741597488801&#8243; name=&#8221;Aline N\u00fcesch&#8221; job_title=&#8221;Finanzen&#8221; envelope=&#8221;mailto: finanzen@stvsteinach.ch&#8221;]<\/p>\n<h6 class=\"name\" style=\"text-align: center;\">+41 79 288 02 14<\/h6>\n<p>[\/ivan_staff][\/vc_column][\/vc_row][vc_row][vc_column width=&#8221;1\/4&#8243;][vc_single_image image=&#8221;8407&#8243; alignment=&#8221;center&#8221; css_animation=&#8221;left-to-right&#8221; img_size=&#8221;thumbnail&#8221;][\/vc_column][vc_column width=&#8221;1\/4&#8243;][ivan_staff sep=&#8221;no&#8221; social_auto=&#8221;no&#8221; c_id=&#8221;.vc_1655845129409&#8243; name=&#8221;Melina Fontanive&#8221; job_title=&#8221;Aktuarin&#8221; envelope=&#8221;mailto: aktuar@stvsteinach.ch&#8221;][\/ivan_staff][\/vc_column][vc_column width=&#8221;1\/4&#8243;][vc_single_image image=&#8221;10398&#8243; alignment=&#8221;center&#8221; css_animation=&#8221;left-to-right&#8221; img_size=&#8221;thumbnail&#8221;][\/vc_column][vc_column width=&#8221;1\/4&#8243;][ivan_staff sep=&#8221;no&#8221; social_auto=&#8221;no&#8221; c_id=&#8221;.vc_1709389949967&#8243; name=&#8221;Karin Adami&#8221; job_title=&#8221;Projekte&#8221; envelope=&#8221;mailto: projekte@stvsteinach.ch&#8221;][\/ivan_staff][\/vc_column][\/vc_row][vc_row][vc_column width=&#8221;1\/4&#8243;][vc_single_image image=&#8221;11168&#8243; alignment=&#8221;center&#8221; css_animation=&#8221;left-to-right&#8221; css=&#8221;&#8221; img_size=&#8221;thumbnail&#8221;][\/vc_column][vc_column width=&#8221;1\/4&#8243;][ivan_staff sep=&#8221;no&#8221; social_auto=&#8221;no&#8221; c_id=&#8221;.vc_1741599392473&#8243; name=&#8221;Claudia Gracia&#8221; job_title=&#8221;PR \/ Administration&#8221; envelope=&#8221;mailto: medien@stvsteinach.ch&#8221;][\/ivan_staff][\/vc_column][vc_column width=&#8221;1\/4&#8243;][vc_single_image image=&#8221;10399&#8243; alignment=&#8221;center&#8221; css_animation=&#8221;left-to-right&#8221; css=&#8221;&#8221; img_size=&#8221;thumbnail&#8221;][\/vc_column][vc_column width=&#8221;1\/4&#8243;][ivan_staff sep=&#8221;no&#8221; social_auto=&#8221;no&#8221; c_id=&#8221;.vc_1741599683286&#8243; name=&#8221;Patricia Horber&#8221; job_title=&#8221;J+S-Coach&#8221; envelope=&#8221;mailto: jscoach@stvsteinach.ch&#8221;][\/ivan_staff][\/vc_column][\/vc_row][vc_row][vc_column width=&#8221;1\/4&#8243;][vc_single_image image=&#8221;11169&#8243; alignment=&#8221;center&#8221; css_animation=&#8221;left-to-right&#8221; css=&#8221;&#8221; img_size=&#8221;thumbnail&#8221;][\/vc_column][vc_column width=&#8221;1\/4&#8243;][ivan_staff sep=&#8221;no&#8221; social_auto=&#8221;no&#8221; c_id=&#8221;.vc_1741601711074&#8243; name=&#8221;Silvan Granwehr&#8221; job_title=&#8221;Technische Kommission&#8221; envelope=&#8221;mailto: tk@stvsteinach.ch&#8221;][\/ivan_staff][\/vc_column][\/vc_row][vc_row][vc_column][vc_text_separator title=&#8221;Organigramm&#8221; i_icon_fontawesome=&#8221;fas fa-sitemap&#8221; i_color=&#8221;custom&#8221; css=&#8221;&#8221; add_icon=&#8221;true&#8221; i_custom_color=&#8221;#A6224B&#8221;][\/vc_column][\/vc_row][vc_row][vc_column][vc_single_image image=&#8221;11193&#8243; alignment=&#8221;center&#8221; onclick=&#8221;link_image&#8221; css_animation=&#8221;top-to-bottom&#8221; css=&#8221;&#8221; img_size=&#8221;full&#8221;][\/vc_column][\/vc_row]<\/p>\n<\/div>","protected":false},"excerpt":{"rendered":"<p>[vc_row][vc_column][vc_column_text c_id=&#8221;.vc_1675154805924&#8243;] Der Vorstand des STV Steinach Als junges, dynamisches Team haben wir es uns zum Ziel gesetzt, den STV Steinach zukunftsorientiert und modern zu f\u00fchren. Uns ist es wichtig, [&hellip;]<\/p>\n","protected":false},"author":1,"featured_media":0,"parent":3246,"menu_order":0,"comment_status":"closed","ping_status":"closed","template":"page-templates\/page-right.php","meta":{"footnotes":""},"class_list":["post-4730","page","type-page","status-publish","hentry","no-thumbnail"],"aioseo_notices":[],"_links":{"self":[{"href":"https:\/\/test.stvsteinach.ch\/index.php\/wp-json\/wp\/v2\/pages\/4730","targetHints":{"allow":["GET"]}}],"collection":[{"href":"https:\/\/test.stvsteinach.ch\/index.php\/wp-json\/wp\/v2\/pages"}],"about":[{"href":"https:\/\/test.stvsteinach.ch\/index.php\/wp-json\/wp\/v2\/types\/page"}],"author":[{"embeddable":true,"href":"https:\/\/test.stvsteinach.ch\/index.php\/wp-json\/wp\/v2\/users\/1"}],"replies":[{"embeddable":true,"href":"https:\/\/test.stvsteinach.ch\/index.php\/wp-json\/wp\/v2\/comments?post=4730"}],"version-history":[{"count":4,"href":"https:\/\/test.stvsteinach.ch\/index.php\/wp-json\/wp\/v2\/pages\/4730\/revisions"}],"predecessor-version":[{"id":11198,"href":"https:\/\/test.stvsteinach.ch\/index.php\/wp-json\/wp\/v2\/pages\/4730\/revisions\/11198"}],"up":[{"embeddable":true,"href":"https:\/\/test.stvsteinach.ch\/index.php\/wp-json\/wp\/v2\/pages\/3246"}],"wp:attachment":[{"href":"https:\/\/test.stvsteinach.ch\/index.php\/wp-json\/wp\/v2\/media?parent=4730"}],"curies":[{"name":"wp","href":"https:\/\/api.w.org\/{rel}","templated":true}]}}