{"id":4518,"date":"2016-05-19T09:00:20","date_gmt":"2016-05-19T07:00:20","guid":{"rendered":"http:\/\/wp2.stvsteinach.ch\/wp2\/?page_id=4518"},"modified":"2025-03-16T22:59:26","modified_gmt":"2025-03-16T21:59:26","slug":"dienstleistungen","status":"publish","type":"page","link":"https:\/\/test.stvsteinach.ch\/index.php\/derverein\/ueber-uns\/dienstleistungen\/","title":{"rendered":"Dienstleistungen"},"content":{"rendered":"<div class=\"wpb-content-wrapper\"><p>[vc_row][vc_column][ivan_title align=&#8221;left&#8221; cut_line=&#8221;yes&#8221; c_id=&#8221;.vc_1463767660452&#8243; title_css=&#8221;color:#a6224b;&#8221;]Vermietung Festwirtschaftsartikel[\/ivan_title][\/vc_column][\/vc_row][vc_row][vc_column width=&#8221;1\/3&#8243;][vc_column_text css_animation=&#8221;left-to-right&#8221; c_id=&#8221;.vc_1463741349250&#8243;]<\/p>\n<p style=\"text-align: center;\">Der STV Steinach verf\u00fcgt zusammen mit der Musikgesellschaft Steinach \u00fcber ein grosses Sortiment an Festwirtschaftsartikel, welche zu sehr g\u00fcnstigen Preisen gemietet werden k\u00f6nnen!<\/p>\n<p>[\/vc_column_text][\/vc_column][vc_column width=&#8221;1\/3&#8243;][ivan_button link=&#8221;https:\/\/www.stvsteinach.ch\/wp-content\/uploads\/2025\/03\/Bestellliste_Festwirtschaft.pdf&#8221; target=&#8221;yes&#8221; size=&#8221;large&#8221; border_r=&#8221;round-square&#8221; style=&#8221;no-border&#8221; align=&#8221;to-center&#8221; icon_area=&#8221;icon&#8221; icon_sep=&#8221;yes&#8221; social_auto=&#8221;yes&#8221; e_desc=&#8221;yes&#8221; template=&#8221;primary-bg&#8221; c_id=&#8221;.vc_1742162355488&#8243; ico=&#8221;shopping-cart&#8221; desc_txt=&#8221;zur Liste&#8230;&#8221;]Festwirtschaftsartikel[\/ivan_button][\/vc_column][vc_column width=&#8221;1\/3&#8243;][ivan_staff sep=&#8221;no&#8221; social_auto=&#8221;no&#8221; align=&#8221;to-default&#8221; c_id=&#8221;.vc_1463767875716&#8243; block_css=&#8221;margin-top:-25px;&#8221; title_css=&#8221;color:#a6224b;&#8221; name=&#8221;Niklaus D\u00f6rig&#8221; job_title=&#8221;Vermietung Festwirtschaftsartikel&#8221; envelope=&#8221;mailto: festwirtschaft@stvsteinach.ch&#8221;]<\/p>\n<p style=\"text-align: left;\">Alpsteinstrasse 3<br \/>\n9323 Steinach<br \/>\n071 446 58 94 \u00a6 077 456 27 42<\/p>\n<p>[\/ivan_staff][\/vc_column][\/vc_row]<\/p>\n<\/div>","protected":false},"excerpt":{"rendered":"<p>[vc_row][vc_column][ivan_title align=&#8221;left&#8221; cut_line=&#8221;yes&#8221; c_id=&#8221;.vc_1463767660452&#8243; title_css=&#8221;color:#a6224b;&#8221;]Vermietung Festwirtschaftsartikel[\/ivan_title][\/vc_column][\/vc_row][vc_row][vc_column width=&#8221;1\/3&#8243;][vc_column_text css_animation=&#8221;left-to-right&#8221; c_id=&#8221;.vc_1463741349250&#8243;] Der STV Steinach verf\u00fcgt zusammen mit der Musikgesellschaft Steinach \u00fcber ein grosses Sortiment an Festwirtschaftsartikel, welche zu sehr g\u00fcnstigen Preisen gemietet [&hellip;]<\/p>\n","protected":false},"author":1,"featured_media":0,"parent":3246,"menu_order":0,"comment_status":"closed","ping_status":"closed","template":"page-templates\/page-right.php","meta":{"footnotes":""},"class_list":["post-4518","page","type-page","status-publish","hentry","no-thumbnail"],"aioseo_notices":[],"_links":{"self":[{"href":"https:\/\/test.stvsteinach.ch\/index.php\/wp-json\/wp\/v2\/pages\/4518","targetHints":{"allow":["GET"]}}],"collection":[{"href":"https:\/\/test.stvsteinach.ch\/index.php\/wp-json\/wp\/v2\/pages"}],"about":[{"href":"https:\/\/test.stvsteinach.ch\/index.php\/wp-json\/wp\/v2\/types\/page"}],"author":[{"embeddable":true,"href":"https:\/\/test.stvsteinach.ch\/index.php\/wp-json\/wp\/v2\/users\/1"}],"replies":[{"embeddable":true,"href":"https:\/\/test.stvsteinach.ch\/index.php\/wp-json\/wp\/v2\/comments?post=4518"}],"version-history":[{"count":4,"href":"https:\/\/test.stvsteinach.ch\/index.php\/wp-json\/wp\/v2\/pages\/4518\/revisions"}],"predecessor-version":[{"id":11264,"href":"https:\/\/test.stvsteinach.ch\/index.php\/wp-json\/wp\/v2\/pages\/4518\/revisions\/11264"}],"up":[{"embeddable":true,"href":"https:\/\/test.stvsteinach.ch\/index.php\/wp-json\/wp\/v2\/pages\/3246"}],"wp:attachment":[{"href":"https:\/\/test.stvsteinach.ch\/index.php\/wp-json\/wp\/v2\/media?parent=4518"}],"curies":[{"name":"wp","href":"https:\/\/api.w.org\/{rel}","templated":true}]}}