{"id":3402,"date":"2016-01-02T08:58:44","date_gmt":"2016-01-02T07:58:44","guid":{"rendered":"http:\/\/wp.vikow.ch\/wp\/?page_id=3402"},"modified":"2025-08-08T00:16:27","modified_gmt":"2025-08-07T22:16:27","slug":"portrait","status":"publish","type":"page","link":"https:\/\/test.stvsteinach.ch\/index.php\/aktive\/activesports\/portrait\/","title":{"rendered":"Portrait ActiveSports"},"content":{"rendered":"<div class=\"wpb-content-wrapper\"><p>[vc_row][vc_column][vc_column_text c_id=&#8221;.vc_1700505232322&#8243;]ActiveSport &#8211; eine energiegeladene Riege, bestehend aus begeisterten M\u00e4nnern und Frauen zwischen 14 und 30 Jahren. Unser Motto? Fitness, Spass und Gemeinschaft \u2013 und das mit einer guten Portion Humor!<\/p>\n<p>In unseren w\u00f6chentlichen Hallen- und Aussentrainings legen wir den Grundstein f\u00fcr unsere sportlichen Abenteuer. Dabei steht Abwechslung an erster Stelle. Ob schweisstreibende Konditions- und Krafteinheiten, koordinationsf\u00f6rdernde Spiele, Ger\u00e4teturnen oder Leichtathletik \u2013 unsere Workouts sind alles andere als langweilig.<\/p>\n<p>Aber das ist noch nicht alles. Jedes Jahr nehmen wir an einem Turnfest teil, worauf eifrig trainiert wird. Hier beweisen wir Teamgeist und Ehrgeiz, was jeden Wettkampf zu einem unvergesslichen Erlebnis macht.<\/p>\n<p>Neben unserem Training sind wir stolz darauf, Teil des Vereins zu sein. Wir unterst\u00fctzen mit Helfereins\u00e4tzen, nehmen aber auch gerne an Vereinsanl\u00e4ssen wie dem Ski- oder H\u00fcttenweekend teil.<\/p>\n<p>Warum solltest du dich dem ActiveSports anschliessen? Ganz einfach: Bei uns findest du nicht nur ein motiviertes, ausgebildetes und erfahrenes Leiterteam, sondern auch die perfekte Mischung aus sportlichem Ehrgeiz und entspannter Geselligkeit. \u00a0Bei uns geht es darum, gemeinsam Spass zu haben und sich weiterzuentwickeln.<\/p>\n<p>Komm vorbei und werde Teil unserer Gemeinschaft &#8211; bei uns sind alle willkommen. Die Mitglieder*innen des ActiveSports freuen sich darauf, gemeinsam mit dir aktiv zu sein und unvergessliche Momente zu erleben. Bis bald in der Halle![\/vc_column_text][\/vc_column][\/vc_row][vc_row][vc_column][vc_text_separator title=&#8221;Impressionen&#8221; i_icon_fontawesome=&#8221;fas fa-camera&#8221; i_color=&#8221;custom&#8221; add_icon=&#8221;true&#8221; i_custom_color=&#8221;#a6224b&#8221;][\/vc_column][\/vc_row][vc_row][vc_column][\/vc_column][\/vc_row]<\/p>\n<\/div>","protected":false},"excerpt":{"rendered":"<p>[vc_row][vc_column][vc_column_text c_id=&#8221;.vc_1700505232322&#8243;]ActiveSport &#8211; eine energiegeladene Riege, bestehend aus begeisterten M\u00e4nnern und Frauen zwischen 14 und 30 Jahren. Unser Motto? Fitness, Spass und Gemeinschaft \u2013 und das mit einer guten Portion [&hellip;]<\/p>\n","protected":false},"author":1,"featured_media":0,"parent":3393,"menu_order":0,"comment_status":"closed","ping_status":"closed","template":"page-templates\/page-right.php","meta":{"footnotes":""},"class_list":["post-3402","page","type-page","status-publish","hentry","no-thumbnail"],"aioseo_notices":[],"_links":{"self":[{"href":"https:\/\/test.stvsteinach.ch\/index.php\/wp-json\/wp\/v2\/pages\/3402","targetHints":{"allow":["GET"]}}],"collection":[{"href":"https:\/\/test.stvsteinach.ch\/index.php\/wp-json\/wp\/v2\/pages"}],"about":[{"href":"https:\/\/test.stvsteinach.ch\/index.php\/wp-json\/wp\/v2\/types\/page"}],"author":[{"embeddable":true,"href":"https:\/\/test.stvsteinach.ch\/index.php\/wp-json\/wp\/v2\/users\/1"}],"replies":[{"embeddable":true,"href":"https:\/\/test.stvsteinach.ch\/index.php\/wp-json\/wp\/v2\/comments?post=3402"}],"version-history":[{"count":1,"href":"https:\/\/test.stvsteinach.ch\/index.php\/wp-json\/wp\/v2\/pages\/3402\/revisions"}],"predecessor-version":[{"id":11523,"href":"https:\/\/test.stvsteinach.ch\/index.php\/wp-json\/wp\/v2\/pages\/3402\/revisions\/11523"}],"up":[{"embeddable":true,"href":"https:\/\/test.stvsteinach.ch\/index.php\/wp-json\/wp\/v2\/pages\/3393"}],"wp:attachment":[{"href":"https:\/\/test.stvsteinach.ch\/index.php\/wp-json\/wp\/v2\/media?parent=3402"}],"curies":[{"name":"wp","href":"https:\/\/api.w.org\/{rel}","templated":true}]}}