{"id":3354,"date":"2016-01-01T12:33:24","date_gmt":"2016-01-01T11:33:24","guid":{"rendered":"http:\/\/wp.vikow.ch\/wp\/?page_id=3354"},"modified":"2025-08-25T15:25:43","modified_gmt":"2025-08-25T13:25:43","slug":"portrait_st","status":"publish","type":"page","link":"https:\/\/test.stvsteinach.ch\/index.php\/geraeteturnen\/sektionsturnen\/portrait_st\/","title":{"rendered":"Portrait Sektionsturnen"},"content":{"rendered":"<div class=\"wpb-content-wrapper\"><p>[vc_row][vc_column][vc_single_image image=&#8221;11213&#8243; alignment=&#8221;center&#8221; css=&#8221;&#8221; img_size=&#8221;ivan_project_large_wide&#8221;][\/vc_column][\/vc_row][vc_row][vc_column][vc_column_text css=&#8221;&#8221; c_id=&#8221;.vc_1754297846658&#8243;]Urspr\u00fcnglich als spontaner Versuch gedacht, gr\u00fcndete der STV Steinach zusammen mit dem STV Arbon im Dezember 2014 eine Sektionsgruppe am Ger\u00e4t Boden mit dem Ziel, regelm\u00e4ssig an Wettk\u00e4mpfen teilzunehmen.<br \/>\nDas Vereinsger\u00e4teturnen ist eine typisch schweizerische Spezialit\u00e4t. Eine Riege mit mindestens 6 Turnenden pr\u00e4sentiert eine Vorf\u00fchrung zu Musik. Bewertet werden die Einzelausf\u00fchrung, die Synchronit\u00e4t und die Programmgestaltung.<\/p>\n<p>Wir nehmen j\u00e4hrlich an mindestens 3 Wettk\u00e4mpfen teil. Auch zeigen wir unser turnerisches K\u00f6nnen an der eigenen Turnerunterhaltung sowie bei Gastauftritten.<br \/>\nDie Trainings finden jeweils am Mittwoch von 19:30 Uhr &#8211; 21:30 Uhr in Steinach statt. Falls du Interesse hast bei uns mitzuturnen, kannst du dich unter &#8220;Kontakt Sektionsturnen&#8221; melden![\/vc_column_text][vc_row_inner][vc_column_inner width=&#8221;1\/3&#8243;][ivan_button link=&#8221;https:\/\/www.stvsteinach.ch\/wp-content\/uploads\/2025\/08\/Sektionsturn-ABC-STV-Steinach.docx.pdf&#8221; border_r=&#8221;round&#8221; align=&#8221;to-left&#8221; icon_zoom=&#8221;yes&#8221; c_id=&#8221;.vc_1754298820960&#8243; btn_css=&#8221;color:#a6224b;border-color:#a6224b;&#8221;]Sektionsturn-ABC (Infos \u00fcber die Riege)[\/ivan_button][\/vc_column_inner][vc_column_inner width=&#8221;1\/3&#8243;][\/vc_column_inner][\/vc_row_inner][\/vc_column][\/vc_row][vc_row][vc_column][vc_text_separator title=&#8221;Impressionen&#8221; i_icon_fontawesome=&#8221;fas fa-camera&#8221; i_color=&#8221;grey&#8221; border_width=&#8221;4&#8243; add_icon=&#8221;true&#8221;][\/vc_column][\/vc_row][vc_row][vc_column][\/vc_column][\/vc_row][vc_row][vc_column][vc_single_image image=&#8221;11216&#8243; alignment=&#8221;center&#8221; css=&#8221;&#8221; img_size=&#8221;full&#8221;][\/vc_column][\/vc_row]<\/p>\n<\/div>","protected":false},"excerpt":{"rendered":"<p>[vc_row][vc_column][vc_single_image image=&#8221;11213&#8243; alignment=&#8221;center&#8221; css=&#8221;&#8221; img_size=&#8221;ivan_project_large_wide&#8221;][\/vc_column][\/vc_row][vc_row][vc_column][vc_column_text css=&#8221;&#8221; c_id=&#8221;.vc_1754297846658&#8243;]Urspr\u00fcnglich als spontaner Versuch gedacht, gr\u00fcndete der STV Steinach zusammen mit dem STV Arbon im Dezember 2014 eine Sektionsgruppe am Ger\u00e4t Boden mit dem [&hellip;]<\/p>\n","protected":false},"author":1,"featured_media":0,"parent":3336,"menu_order":0,"comment_status":"closed","ping_status":"closed","template":"page-templates\/page-right.php","meta":{"footnotes":""},"class_list":["post-3354","page","type-page","status-publish","hentry","no-thumbnail"],"aioseo_notices":[],"_links":{"self":[{"href":"https:\/\/test.stvsteinach.ch\/index.php\/wp-json\/wp\/v2\/pages\/3354","targetHints":{"allow":["GET"]}}],"collection":[{"href":"https:\/\/test.stvsteinach.ch\/index.php\/wp-json\/wp\/v2\/pages"}],"about":[{"href":"https:\/\/test.stvsteinach.ch\/index.php\/wp-json\/wp\/v2\/types\/page"}],"author":[{"embeddable":true,"href":"https:\/\/test.stvsteinach.ch\/index.php\/wp-json\/wp\/v2\/users\/1"}],"replies":[{"embeddable":true,"href":"https:\/\/test.stvsteinach.ch\/index.php\/wp-json\/wp\/v2\/comments?post=3354"}],"version-history":[{"count":4,"href":"https:\/\/test.stvsteinach.ch\/index.php\/wp-json\/wp\/v2\/pages\/3354\/revisions"}],"predecessor-version":[{"id":11561,"href":"https:\/\/test.stvsteinach.ch\/index.php\/wp-json\/wp\/v2\/pages\/3354\/revisions\/11561"}],"up":[{"embeddable":true,"href":"https:\/\/test.stvsteinach.ch\/index.php\/wp-json\/wp\/v2\/pages\/3336"}],"wp:attachment":[{"href":"https:\/\/test.stvsteinach.ch\/index.php\/wp-json\/wp\/v2\/media?parent=3354"}],"curies":[{"name":"wp","href":"https:\/\/api.w.org\/{rel}","templated":true}]}}