{"id":3348,"date":"2016-01-01T11:45:22","date_gmt":"2016-01-01T10:45:22","guid":{"rendered":"http:\/\/wp.vikow.ch\/wp\/?page_id=3348"},"modified":"2024-04-25T09:15:49","modified_gmt":"2024-04-25T07:15:49","slug":"kontakt","status":"publish","type":"page","link":"https:\/\/test.stvsteinach.ch\/index.php\/geraeteturnen\/nachwuchs\/kontakt\/","title":{"rendered":"Kontakt Nachwuchs"},"content":{"rendered":"<div class=\"wpb-content-wrapper\"><p>[vc_row][vc_column][ivan_call_action heading=&#8221;Haben Sie offene Fragen?&#8221; type=&#8221;with-icon&#8221; ico_family=&#8221;el el-&#8221; desc=&#8221;Das Hauptleiterteam der Ger\u00e4teriege organisiert und koordiniert das Leiterteam, macht die Trainingsplanung, k\u00fcmmert sich um die Anmeldung an die Wettk\u00e4mpfe und beantwortet Fragen rund um das Ger\u00e4teturnen. Das Team besteht aus Rahel B\u00e4rlocher (Elternkontakt), Jeannine Baschung (Administration) und Deborah B\u00e4rlocher (Wettkampforganisation).&#8221; c_id=&#8221;.vc_1610014501594&#8243; title_css=&#8221;font-family:gf-Pacifico;color:#a6224b;&#8221; ico=&#8221;chat&#8221;][\/ivan_call_action][\/vc_column][\/vc_row][vc_row][vc_column width=&#8221;2\/3&#8243;][vc_column_text]<noscript class=\"ninja-forms-noscript-message\">\n\tHinweis: F\u00fcr diesen Inhalt ist JavaScript erforderlich.<\/noscript>\n<div class=\"row\"><\/div><!--.row--><div id=\"nf-form-18-cont\" class=\"nf-form-cont\" aria-live=\"polite\" aria-labelledby=\"nf-form-title-18\" aria-describedby=\"nf-form-errors-18\" role=\"form\">\n\n    <div class=\"nf-loading-spinner\"><\/div>\n\n<\/div>\n        <!-- That data is being printed as a workaround to page builders reordering the order of the scripts loaded-->\n        <script>var formDisplay=1;var nfForms=nfForms||[];var form=[];form.id='18';form.settings={\"date_updated\":\"2016-01-20 18:34:06\",\"show_title\":\"0\",\"save_subs\":\"1\",\"logged_in\":\"0\",\"append_page\":\"\",\"ajax\":\"0\",\"clear_complete\":\"1\",\"hide_complete\":\"1\",\"success_msg\":\"Your form has been successfully submitted.\",\"email_from\":\"\",\"email_type\":\"html\",\"user_email_msg\":\"Thank you so much for contacting us. We will get back to you shortly.\",\"user_email_fields\":\"0\",\"admin_email_msg\":\"\",\"admin_email_fields\":\"1\",\"admin_attach_csv\":\"0\",\"email_from_name\":\"\",\"status\":\"\",\"not_logged_in_msg\":\"\",\"sub_limit_number\":\"\",\"sub_limit_msg\":\"\",\"last_sub\":\"26\",\"title\":\"Kontakt Ger\\u00e4teturnen\",\"_seq_num\":27,\"ninjaForms\":\"Ninja Forms\",\"changeEmailErrorMsg\":\"Bitte gib eine g\\u00fcltige E-Mail-Adresse ein.\",\"changeDateErrorMsg\":\"Bitte gib ein g\\u00fcltiges Datum ein!\",\"confirmFieldErrorMsg\":\"Diese Felder m\\u00fcssen \\u00fcbereinstimmen!\",\"fieldNumberNumMinError\":\"Die eingegebene Zahl ist zu klein.\",\"fieldNumberNumMaxError\":\"Die eingegebene Zahl ist zu gross.\",\"fieldNumberIncrementBy\":\"Bitte erh\\u00f6hen in Schritten von\",\"fieldTextareaRTEInsertLink\":\"Link einf\\u00fcgen\",\"fieldTextareaRTEInsertMedia\":\"Medien einf\\u00fcgen\",\"fieldTextareaRTESelectAFile\":\"Eine Datei ausw\\u00e4hlen\",\"formErrorsCorrectErrors\":\"Bitte korrigiere die Fehler, bevor du das Formular sendest.\",\"formHoneypot\":\"Falls du ein Mensch bist und dieses Feld siehst, dann lasse es bitte leer.\",\"validateRequiredField\":\"Dies ist ein Pflichtfeld.\",\"honeypotHoneypotError\":\"Honeypot-Fehler\",\"fileUploadOldCodeFileUploadInProgress\":\"Datei-Upload l\\u00e4uft.\",\"fileUploadOldCodeFileUpload\":\"DATEI-UPLOAD\",\"currencySymbol\":\"&#67;&#72;&#70;\",\"fieldsMarkedRequired\":\"Felder mit einem <span class=\\\"ninja-forms-req-symbol\\\">*<\\\/span> sind Pflichtfelder\",\"thousands_sep\":\".\",\"decimal_point\":\",\",\"siteLocale\":\"de_DE\",\"dateFormat\":\"d\\\/m\\\/Y\",\"startOfWeek\":\"1\",\"of\":\"von\",\"previousMonth\":\"Vorheriger Monat\",\"nextMonth\":\"N\\u00e4chster Monat\",\"months\":[\"Januar\",\"Februar\",\"M\\u00e4rz\",\"April\",\"Mai\",\"Juni\",\"Juli\",\"August\",\"September\",\"Oktober\",\"November\",\"Dezember\"],\"monthsShort\":[\"Jan\",\"Feb\",\"Mrz\",\"Apr\",\"Mai\",\"Jun\",\"Jul\",\"Aug\",\"Sep\",\"Okt\",\"Nov\",\"Dez\"],\"weekdays\":[\"Sonntag\",\"Montag\",\"Dienstag\",\"Mittwoch\",\"Donnerstag\",\"Freitag\",\"Samstag\"],\"weekdaysShort\":[\"So\",\"Mo\",\"Die\",\"Mi\",\"Do\",\"Fr\",\"Sa\"],\"weekdaysMin\":[\"So.\",\"Mo.\",\"Di.\",\"Mi.\",\"Do.\",\"Fr.\",\"Sa.\"],\"recaptchaConsentMissing\":\"reCaptcha validation couldn&#039;t load.\",\"recaptchaMissingCookie\":\"reCaptcha v3 validation couldn&#039;t load the cookie needed to submit the form.\",\"recaptchaConsentEvent\":\"Accept reCaptcha cookies before sending the form.\",\"embed_form\":\"\",\"currency_symbol\":\"\",\"beforeForm\":\"\",\"beforeFields\":null,\"afterFields\":null,\"afterForm\":\"\"};form.fields=[{\"id\":11,\"type\":\"textbox\",\"order\":0,\"fav_id\":0,\"def_id\":0,\"label\":\"Name\",\"label_pos\":\"above\",\"mask\":\"\",\"datepicker\":0,\"first_name\":\"\",\"last_name\":\"\",\"from_name\":0,\"user_address_1\":\"\",\"user_address_2\":\"\",\"user_city\":\"\",\"user_zip\":\"\",\"user_phone\":\"\",\"user_email\":\"\",\"user_info_field_group\":\"\",\"show_help\":0,\"help_text\":\"\",\"show_desc\":0,\"desc_pos\":\"none\",\"desc_text\":\"\",\"calc_auto_include\":0,\"placeholder\":\"\",\"disable_input\":0,\"input_limit\":\"\",\"input_limit_type\":\"char\",\"input_limit_msg\":\"\",\"user_state\":0,\"autocomplete_off\":0,\"num_sort\":0,\"admin_label\":\"\",\"user_info_field_group_name\":\"\",\"user_info_field_group_custom\":\"\",\"bootstrap-cols\":\"col-xs-12 col-sm-12 col-md-12\",\"element_class\":\"\",\"required\":1,\"key\":\"textbox_11\",\"parent_id\":18,\"beforeField\":\"\",\"afterField\":\"\",\"value\":\"\",\"parentType\":\"textbox\",\"element_templates\":[\"textbox\",\"input\"],\"old_classname\":\"\",\"wrap_template\":\"wrap\"},{\"id\":12,\"type\":\"email\",\"order\":1,\"fav_id\":0,\"def_id\":14,\"label\":\"Email\",\"label_pos\":\"above\",\"default_value\":\"\",\"mask\":\"\",\"datepicker\":0,\"first_name\":0,\"last_name\":0,\"from_name\":0,\"user_address_1\":0,\"user_address_2\":0,\"user_city\":0,\"user_zip\":0,\"user_phone\":0,\"user_info_field_group\":1,\"show_help\":0,\"help_text\":\"\",\"calc_auto_include\":0,\"calc_option\":0,\"conditional\":\"\",\"user_info_field_group_name\":\"\",\"user_info_field_group_custom\":\"\",\"show_desc\":0,\"desc_pos\":\"none\",\"desc_text\":\"\",\"element_class\":\"\",\"required\":1,\"default\":\"\",\"key\":\"email_12\",\"parent_id\":18,\"beforeField\":\"\",\"afterField\":\"\",\"value\":\"\",\"parentType\":\"email\",\"element_templates\":[\"email\",\"input\"],\"old_classname\":\"\",\"wrap_template\":\"wrap\"},{\"id\":13,\"type\":\"textarea\",\"order\":2,\"fav_id\":0,\"def_id\":0,\"label\":\"Mitteilung\",\"label_pos\":\"above\",\"default_value\":\"\",\"textarea_rte\":0,\"textarea_media\":0,\"disable_rte_mobile\":0,\"show_help\":0,\"help_text\":\"\",\"show_desc\":0,\"desc_pos\":\"none\",\"desc_text\":\"\",\"calc_auto_include\":0,\"input_limit\":\"\",\"input_limit_type\":\"char\",\"input_limit_msg\":\"\",\"num_sort\":0,\"admin_label\":\"\",\"bootstrap-cols\":\"col-xs-12 col-sm-12 col-md-12\",\"element_class\":\"\",\"required\":1,\"default\":\"\",\"key\":\"textarea_13\",\"parent_id\":18,\"beforeField\":\"\",\"afterField\":\"\",\"value\":\"\",\"parentType\":\"textarea\",\"element_templates\":[\"textarea\",\"input\"],\"old_classname\":\"\",\"wrap_template\":\"wrap\"},{\"id\":14,\"type\":\"spam\",\"order\":3,\"fav_id\":0,\"def_id\":0,\"label\":\"Was ergibt 13 minus 6?\",\"label_pos\":\"left\",\"spam_answer\":7,\"show_help\":0,\"help_text\":\"\",\"show_desc\":0,\"desc_pos\":\"none\",\"desc_text\":\"\",\"bootstrap-cols\":\"col-xs-12 col-sm-12 col-md-12\",\"element_class\":\"\",\"required\":1,\"key\":\"spam_14\",\"parent_id\":18,\"beforeField\":\"\",\"afterField\":\"\",\"value\":\"\",\"parentType\":\"spam\",\"element_templates\":[\"textbox\",\"input\"],\"old_classname\":\"\",\"wrap_template\":\"wrap\"},{\"id\":15,\"type\":\"submit\",\"order\":4,\"fav_id\":0,\"def_id\":0,\"label\":\"Senden\",\"show_help\":0,\"help_text\":\"\",\"show_desc\":0,\"desc_pos\":\"none\",\"desc_text\":\"\",\"bootstrap-cols\":\"col-xs-12 col-sm-12 col-md-12\",\"processing_label\":\"Processing\",\"element_class\":\"\",\"key\":\"submit_15\",\"parent_id\":18,\"beforeField\":\"\",\"afterField\":\"\",\"value\":\"\",\"label_pos\":null,\"parentType\":\"textbox\",\"element_templates\":[\"submit\",\"button\",\"input\"],\"old_classname\":\"\",\"wrap_template\":\"wrap-no-label\"}];nfForms.push(form);<\/script>\n        [\/vc_column_text][\/vc_column][vc_column width=&#8221;1\/3&#8243;][ivan_staff image_id=&#8221;7499&#8243; sep=&#8221;no&#8221; social_auto=&#8221;no&#8221; c_id=&#8221;.vc_1714029340173&#8243; name=&#8221;Rahel B\u00e4rlocher&#8221; job_title=&#8221;Ger\u00e4teturnen STV Steinach&#8221; envelope=&#8221;mailto: geraeteturnen@stvsteinach.ch&#8221;][\/ivan_staff][\/vc_column][\/vc_row]<\/p>\n<\/div>","protected":false},"excerpt":{"rendered":"<p>[vc_row][vc_column][ivan_call_action heading=&#8221;Haben Sie offene Fragen?&#8221; type=&#8221;with-icon&#8221; ico_family=&#8221;el el-&#8221; desc=&#8221;Das Hauptleiterteam der Ger\u00e4teriege organisiert und koordiniert das Leiterteam, macht die Trainingsplanung, k\u00fcmmert sich um die Anmeldung an die Wettk\u00e4mpfe und beantwortet [&hellip;]<\/p>\n","protected":false},"author":1,"featured_media":0,"parent":3333,"menu_order":0,"comment_status":"closed","ping_status":"closed","template":"page-templates\/page-right.php","meta":{"footnotes":""},"class_list":["post-3348","page","type-page","status-publish","hentry","no-thumbnail"],"aioseo_notices":[],"_links":{"self":[{"href":"https:\/\/test.stvsteinach.ch\/index.php\/wp-json\/wp\/v2\/pages\/3348","targetHints":{"allow":["GET"]}}],"collection":[{"href":"https:\/\/test.stvsteinach.ch\/index.php\/wp-json\/wp\/v2\/pages"}],"about":[{"href":"https:\/\/test.stvsteinach.ch\/index.php\/wp-json\/wp\/v2\/types\/page"}],"author":[{"embeddable":true,"href":"https:\/\/test.stvsteinach.ch\/index.php\/wp-json\/wp\/v2\/users\/1"}],"replies":[{"embeddable":true,"href":"https:\/\/test.stvsteinach.ch\/index.php\/wp-json\/wp\/v2\/comments?post=3348"}],"version-history":[{"count":2,"href":"https:\/\/test.stvsteinach.ch\/index.php\/wp-json\/wp\/v2\/pages\/3348\/revisions"}],"predecessor-version":[{"id":10605,"href":"https:\/\/test.stvsteinach.ch\/index.php\/wp-json\/wp\/v2\/pages\/3348\/revisions\/10605"}],"up":[{"embeddable":true,"href":"https:\/\/test.stvsteinach.ch\/index.php\/wp-json\/wp\/v2\/pages\/3333"}],"wp:attachment":[{"href":"https:\/\/test.stvsteinach.ch\/index.php\/wp-json\/wp\/v2\/media?parent=3348"}],"curies":[{"name":"wp","href":"https:\/\/api.w.org\/{rel}","templated":true}]}}