{"id":3342,"date":"2016-01-01T11:43:59","date_gmt":"2016-01-01T10:43:59","guid":{"rendered":"http:\/\/wp.vikow.ch\/wp\/?page_id=3342"},"modified":"2025-08-08T00:06:11","modified_gmt":"2025-08-07T22:06:11","slug":"portrait","status":"publish","type":"page","link":"https:\/\/test.stvsteinach.ch\/index.php\/geraeteturnen\/nachwuchs\/portrait\/","title":{"rendered":"Portrait Nachwuchs"},"content":{"rendered":"<div class=\"wpb-content-wrapper\"><p>[vc_row][vc_column][vc_column_text c_id=&#8221;.vc_1463559841093&#8243;]Der STV Steinach f\u00fchrt nebst den polysportiven KidsSports-Riegen seit 2004 auch eine Riege mit dem Schwerpunkt Ger\u00e4teturnen. Ziel ist es, motivierten Turnerinnen und Turnern das Ger\u00e4teturnen n\u00e4her zu bringen und eine Stufengerechte F\u00f6rderung anzubieten.<\/p>\n<p>Im Ger\u00e4teturnen wird an den Ger\u00e4ten Reck, Sprung, Boden, Schaukelringe und Barren (M\u00e4nner) eine hohe Disziplin verlangt. Die Kinder und Jugendliche lernen nebst der K\u00f6rperbeherrschung am Ger\u00e4te eine grosse Eigenverantwortung wahrzunehmen. Auch legen wir hohen Wert auf Teamgeist und Selbstdisziplin im Training.<\/p>\n<p>Die erlernten Elemente und \u00dcbungen geben wir regelm\u00e4ssig an Wettk\u00e4mpfen oder Auff\u00fchrungen vor ausgebildeten Wertungsrichtern und grossem Publikum zum Besten.[\/vc_column_text][vc_single_image image=&#8221;10326&#8243; alignment=&#8221;center&#8221; style=&#8221;vc_box_rounded&#8221; css_animation=&#8221;appear&#8221; img_size=&#8221;ivan_project_quad_crop&#8221;][\/vc_column][\/vc_row][vc_row][vc_column][ivan_call_action heading=&#8221;Trainingszeiten&#8221; type=&#8221;with-icon&#8221; desc=&#8221;Montag (grosse Turnhalle) 17:45 Uhr \u2013 20:00 Uhr<br \/>\nFreitag (grosse Turnhalle) 17:30 Uhr \u2013 19:50 Uhr&#8221; c_id=&#8221;.vc_1486554367892&#8243; ico=&#8221;share&#8221;][\/ivan_call_action][vc_gmaps link=&#8221;#E-8_JTNDaWZyYW1lJTIwc3JjJTNEJTIyaHR0cHMlM0ElMkYlMkZ3d3cuZ29vZ2xlLmNvbSUyRm1hcHMlMkZlbWJlZCUzRnBiJTNEJTIxMW0xOCUyMTFtMTIlMjExbTMlMjExZDE0MzUuNTIwMTE2MjcwNDcwNyUyMTJkOS40MzY3NTk3MDM5NDczNjclMjEzZDQ3LjQ5ODcwMjk5NDkxNzgxNCUyMTJtMyUyMTFmMCUyMTJmMCUyMTNmMCUyMTNtMiUyMTFpMTAyNCUyMTJpNzY4JTIxNGYxMy4xJTIxM20zJTIxMW0yJTIxMXMweDAlMjUzQTB4MCUyMTJ6TkRmQ3NESTVKelUxTGpNaVRpQTV3ckF5TmljeE5pNHlJa1UlMjE1ZTElMjEzbTIlMjExc2RlJTIxMnNjaCUyMTR2MTU3OTYzNDI0OTcxNiUyMTVtMiUyMTFzZGUlMjEyc2NoJTIyJTIwd2lkdGglM0QlMjI2MDAlMjIlMjBoZWlnaHQlM0QlMjI0NTAlMjIlMjBmcmFtZWJvcmRlciUzRCUyMjAlMjIlMjBzdHlsZSUzRCUyMmJvcmRlciUzQTAlM0IlMjIlMjBhbGxvd2Z1bGxzY3JlZW4lM0QlMjIlMjIlM0UlM0MlMkZpZnJhbWUlM0U=&#8221;][\/vc_column][\/vc_row][vc_row][vc_column][vc_text_separator title=&#8221;Impressionen&#8221; i_icon_fontawesome=&#8221;fas fa-camera&#8221; i_color=&#8221;custom&#8221; align=&#8221;align_left&#8221; add_icon=&#8221;true&#8221; i_custom_color=&#8221;#a6224b&#8221;][\/vc_column][\/vc_row][vc_row][vc_column]\n\t\t\t<!-- START Impressionen Nachwuchs REVOLUTION SLIDER 6.7.3 --><p class=\"rs-p-wp-fix\"><\/p>\n\t\t\t<rs-module-wrap id=\"rev_slider_9_1_wrapper\" data-source=\"gallery\" style=\"visibility:hidden;background:transparent;padding:0;margin:0px auto;margin-top:0;margin-bottom:0;\">\n\t\t\t\t<rs-module id=\"rev_slider_9_1\" class=\" rs-ov-hidden\" style=\"\" data-version=\"6.7.3\">\n\t\t\t\t\t<rs-slides style=\"overflow: hidden; position: absolute;\">\n\t\t\t\t\t\t<rs-slide style=\"position: absolute;\" data-key=\"rs-113\" data-title=\"Slide\" data-thumb=\"\/\/test.stvsteinach.ch\/wp-content\/uploads\/2016\/01\/tui_k4_abt_2_20160501_1680100790-100x50.jpg\" data-anim=\"ms:600;r:0;\" data-in=\"o:0;\">\n\t\t\t\t\t\t\t<img decoding=\"async\" src=\"\/\/test.stvsteinach.ch\/wp-content\/plugins\/revslider\/sr6\/assets\/assets\/dummy.png\" alt=\"\" title=\"OLYMPUS DIGITAL CAMERA\" width=\"777\" height=\"873\" class=\"rev-slidebg tp-rs-img rs-lazyload\" data-lazyload=\"\/\/test.stvsteinach.ch\/wp-content\/uploads\/2016\/01\/tui_k4_abt_2_20160501_1680100790.jpg\" data-parallax=\"off\" data-no-retina>\n<!---->\t\t\t\t\t<\/rs-slide>\n\t\t\t\t\t\t<rs-slide style=\"position: absolute;\" data-key=\"rs-109\" data-title=\"Slide\" data-thumb=\"\/\/test.stvsteinach.ch\/wp-content\/uploads\/2016\/01\/tui_k1_abt_4-6_20160430_1977593643-1200x901-100x50.jpg\" data-anim=\"ms:600;r:0;\" data-in=\"o:0;\">\n\t\t\t\t\t\t\t<img decoding=\"async\" src=\"\/\/test.stvsteinach.ch\/wp-content\/plugins\/revslider\/sr6\/assets\/assets\/dummy.png\" alt=\"\" title=\"tui_k1_abt_4-6_20160430_1977593643\" width=\"1200\" height=\"901\" class=\"rev-slidebg tp-rs-img rs-lazyload\" data-lazyload=\"\/\/test.stvsteinach.ch\/wp-content\/uploads\/2016\/01\/tui_k1_abt_4-6_20160430_1977593643-1200x901.jpg\" data-parallax=\"off\" data-no-retina>\n<!---->\t\t\t\t\t<\/rs-slide>\n\t\t\t\t\t\t<rs-slide style=\"position: absolute;\" data-key=\"rs-110\" data-title=\"Slide\" data-thumb=\"\/\/test.stvsteinach.ch\/wp-content\/uploads\/2016\/01\/tu_k2_20160501_1137338121-1200x800-100x50.jpg\" data-anim=\"ms:600;r:0;\" data-in=\"o:0;\">\n\t\t\t\t\t\t\t<img decoding=\"async\" src=\"\/\/test.stvsteinach.ch\/wp-content\/plugins\/revslider\/sr6\/assets\/assets\/dummy.png\" alt=\"\" title=\"tu_k2_20160501_1137338121\" width=\"1200\" height=\"800\" class=\"rev-slidebg tp-rs-img rs-lazyload\" data-lazyload=\"\/\/test.stvsteinach.ch\/wp-content\/uploads\/2016\/01\/tu_k2_20160501_1137338121-1200x800.jpg\" data-parallax=\"off\" data-no-retina>\n<!---->\t\t\t\t\t<\/rs-slide>\n\t\t\t\t\t\t<rs-slide style=\"position: absolute;\" data-key=\"rs-111\" data-title=\"Slide\" data-thumb=\"\/\/test.stvsteinach.ch\/wp-content\/uploads\/2016\/09\/DSC_0373-1200x555-100x50.jpg\" data-anim=\"ms:600;r:0;\" data-in=\"o:0;\">\n\t\t\t\t\t\t\t<img decoding=\"async\" src=\"\/\/test.stvsteinach.ch\/wp-content\/plugins\/revslider\/sr6\/assets\/assets\/dummy.png\" alt=\"\" title=\"DSC_0373\" width=\"1200\" height=\"555\" class=\"rev-slidebg tp-rs-img rs-lazyload\" data-lazyload=\"\/\/test.stvsteinach.ch\/wp-content\/uploads\/2016\/09\/DSC_0373-1200x555.jpg\" data-parallax=\"off\" data-no-retina>\n<!---->\t\t\t\t\t<\/rs-slide>\n\t\t\t\t\t\t<rs-slide style=\"position: absolute;\" data-key=\"rs-112\" data-title=\"Slide\" data-thumb=\"\/\/test.stvsteinach.ch\/wp-content\/uploads\/2016\/09\/DSC_0792-1200x771-100x50.jpg\" data-anim=\"ms:600;r:0;\" data-in=\"o:0;\">\n\t\t\t\t\t\t\t<img decoding=\"async\" src=\"\/\/test.stvsteinach.ch\/wp-content\/plugins\/revslider\/sr6\/assets\/assets\/dummy.png\" alt=\"\" title=\"DSC_0792\" width=\"1200\" height=\"771\" class=\"rev-slidebg tp-rs-img rs-lazyload\" data-lazyload=\"\/\/test.stvsteinach.ch\/wp-content\/uploads\/2016\/09\/DSC_0792-1200x771.jpg\" data-parallax=\"off\" data-no-retina>\n<!---->\t\t\t\t\t<\/rs-slide>\n\t\t\t\t\t\t<rs-slide style=\"position: absolute;\" data-key=\"rs-451\" data-title=\"Slide\" data-thumb=\"\/\/test.stvsteinach.ch\/wp-content\/uploads\/2017\/04\/Einmarsch_2_1603_58e48db14ba-100x50.jpg\" data-anim=\"ms:600;r:0;\" data-in=\"o:0;\">\n\t\t\t\t\t\t\t<img decoding=\"async\" src=\"\/\/test.stvsteinach.ch\/wp-content\/plugins\/revslider\/sr6\/assets\/assets\/dummy.png\" alt=\"\" title=\"Einmarsch_2_1603_58e48db14ba\" width=\"800\" height=\"533\" class=\"rev-slidebg tp-rs-img rs-lazyload\" data-lazyload=\"\/\/test.stvsteinach.ch\/wp-content\/uploads\/2017\/04\/Einmarsch_2_1603_58e48db14ba.jpg\" data-parallax=\"off\" data-no-retina>\n<!---->\t\t\t\t\t<\/rs-slide>\n\t\t\t\t\t\t<rs-slide style=\"position: absolute;\" data-key=\"rs-1519\" data-title=\"Slide\" data-thumb=\"\/\/www.stvsteinach.ch\/wp-content\/uploads\/2022\/11\/DSC_2203-scaled.jpg\" data-anim=\"ms:600;\" data-in=\"o:0;\">\n\t\t\t\t\t\t\t<img decoding=\"async\" src=\"\/\/test.stvsteinach.ch\/wp-content\/plugins\/revslider\/sr6\/assets\/assets\/dummy.png\" alt=\"\" class=\"rev-slidebg tp-rs-img rs-lazyload\" data-lazyload=\"\/\/www.stvsteinach.ch\/wp-content\/uploads\/2022\/11\/DSC_2203-scaled.jpg\" data-bg=\"p:0% 15%;\" data-parallax=\"off\" data-no-retina>\n<!---->\t\t\t\t\t<\/rs-slide>\n\t\t\t\t\t\t<rs-slide style=\"position: absolute;\" data-key=\"rs-1520\" data-title=\"Slide\" data-thumb=\"\/\/www.stvsteinach.ch\/wp-content\/uploads\/2022\/11\/DSC_1455-scaled.jpg\" data-anim=\"ms:600;\" data-in=\"o:0;\">\n\t\t\t\t\t\t\t<img decoding=\"async\" src=\"\/\/test.stvsteinach.ch\/wp-content\/plugins\/revslider\/sr6\/assets\/assets\/dummy.png\" alt=\"\" class=\"rev-slidebg tp-rs-img rs-lazyload\" data-lazyload=\"\/\/www.stvsteinach.ch\/wp-content\/uploads\/2022\/11\/DSC_1455-scaled.jpg\" data-parallax=\"off\" data-no-retina>\n<!---->\t\t\t\t\t<\/rs-slide>\n\t\t\t\t\t<\/rs-slides>\n\t\t\t\t\t<rs-static-layers><!--\n\t\t\t\t\t--><\/rs-static-layers>\n\t\t\t\t<\/rs-module>\n\t\t\t\t<script>\n\t\t\t\t\tsetREVStartSize({c: 'rev_slider_9_1',rl:[1240,1024,778,480],el:[300],gw:[450],gh:[300],type:'carousel',justify:'',layout:'fullwidth',mh:\"0\"});if (window.RS_MODULES!==undefined && window.RS_MODULES.modules!==undefined && window.RS_MODULES.modules[\"revslider91\"]!==undefined) {window.RS_MODULES.modules[\"revslider91\"].once = false;window.revapi9 = undefined;if (window.RS_MODULES.checkMinimal!==undefined) window.RS_MODULES.checkMinimal()}\n\t\t\t\t<\/script>\n\t\t\t<\/rs-module-wrap>\n\t\t\t<!-- END REVOLUTION SLIDER -->\n[\/vc_column][\/vc_row]<\/p>\n<\/div>","protected":false},"excerpt":{"rendered":"<p>[vc_row][vc_column][vc_column_text c_id=&#8221;.vc_1463559841093&#8243;]Der STV Steinach f\u00fchrt nebst den polysportiven KidsSports-Riegen seit 2004 auch eine Riege mit dem Schwerpunkt Ger\u00e4teturnen. Ziel ist es, motivierten Turnerinnen und Turnern das Ger\u00e4teturnen n\u00e4her zu bringen [&hellip;]<\/p>\n","protected":false},"author":1,"featured_media":0,"parent":3333,"menu_order":0,"comment_status":"closed","ping_status":"closed","template":"page-templates\/page-right.php","meta":{"footnotes":""},"class_list":["post-3342","page","type-page","status-publish","hentry","no-thumbnail"],"aioseo_notices":[],"_links":{"self":[{"href":"https:\/\/test.stvsteinach.ch\/index.php\/wp-json\/wp\/v2\/pages\/3342","targetHints":{"allow":["GET"]}}],"collection":[{"href":"https:\/\/test.stvsteinach.ch\/index.php\/wp-json\/wp\/v2\/pages"}],"about":[{"href":"https:\/\/test.stvsteinach.ch\/index.php\/wp-json\/wp\/v2\/types\/page"}],"author":[{"embeddable":true,"href":"https:\/\/test.stvsteinach.ch\/index.php\/wp-json\/wp\/v2\/users\/1"}],"replies":[{"embeddable":true,"href":"https:\/\/test.stvsteinach.ch\/index.php\/wp-json\/wp\/v2\/comments?post=3342"}],"version-history":[{"count":2,"href":"https:\/\/test.stvsteinach.ch\/index.php\/wp-json\/wp\/v2\/pages\/3342\/revisions"}],"predecessor-version":[{"id":11520,"href":"https:\/\/test.stvsteinach.ch\/index.php\/wp-json\/wp\/v2\/pages\/3342\/revisions\/11520"}],"up":[{"embeddable":true,"href":"https:\/\/test.stvsteinach.ch\/index.php\/wp-json\/wp\/v2\/pages\/3333"}],"wp:attachment":[{"href":"https:\/\/test.stvsteinach.ch\/index.php\/wp-json\/wp\/v2\/media?parent=3342"}],"curies":[{"name":"wp","href":"https:\/\/api.w.org\/{rel}","templated":true}]}}