{"id":3330,"date":"2016-01-01T11:34:55","date_gmt":"2016-01-01T10:34:55","guid":{"rendered":"http:\/\/wp.vikow.ch\/wp\/?page_id=3330"},"modified":"2016-05-12T10:16:22","modified_gmt":"2016-05-12T08:16:22","slug":"ranglisten","status":"publish","type":"page","link":"https:\/\/test.stvsteinach.ch\/index.php\/kidssports\/ranglisten\/","title":{"rendered":"Ranglisten"},"content":{"rendered":"<div class=\"wpb-content-wrapper\"><p>[vc_row][vc_column width=&#8221;1\/1&#8243;][vc_column_text c_id=&#8221;.vc_1458830052484&#8243;]Unten finde Sie s\u00e4mtliche Ranglisten zu den von uns besuchten Wettk\u00e4mpfen. Mit Einverst\u00e4ndnis des Veranstalters stellen wir Ihnen diese gern zum Download zur Verf\u00fcgung.[\/vc_column_text][\/vc_column][\/vc_row][vc_row][vc_column width=&#8221;1\/1&#8243;][vc_column_text c_id=&#8221;.vc_1462884485549&#8243;]<style>\n    .wpdmdt-toolbar {\n        padding: 10px;\n    }\n    .wpdmdt-toolbarb {\n        padding: 5px 10px 10px;\n    }\n    .wpdmdt-toolbar > div {\n        display: inline-block;\n    }\n    table,td,th{\n        border: 0;\n    }\n    #wpdm-all-packages .card{\n        overflow: hidden;\n    }\n    .dataTables_wrapper .table{\n        margin: 0;\n    }\n    #wpdmmydls-0500aa1f6447c0562a0f50462e5d0423{\n        border-bottom: 1px solid #dddddd;\n        border-top: 1px solid #dddddd;\n        font-size: 10pt;\n        min-width: 100%;\n    }\n    #wpdmmydls-0500aa1f6447c0562a0f50462e5d0423 .wpdm-download-link img{\n        box-shadow: none !important;\n        max-width: 100%;\n    }\n    .w3eden .pagination{\n        margin: 0 !important;\n    }\n    #wpdmmydls-0500aa1f6447c0562a0f50462e5d0423 td:not(:first-child){\n        vertical-align: middle !important;\n    }\n    #wpdmmydls-0500aa1f6447c0562a0f50462e5d0423 td.__dt_col_download_link .btn{\n        display: block;\n        width: 100%;\n    }\n    #wpdmmydls-0500aa1f6447c0562a0f50462e5d0423 td.__dt_col_download_link,\n    #wpdmmydls-0500aa1f6447c0562a0f50462e5d0423 th#download_link{\n        max-width: 155px !important;\n        width: 155px;\n\n    }\n    #wpdmmydls-0500aa1f6447c0562a0f50462e5d0423 th{\n        background-color: rgba(0,0,0,0.04);\n        border-bottom: 1px solid rgba(0,0,0,0.025);\n    }\n    #wpdmmydls-0500aa1f6447c0562a0f50462e5d0423_length label,\n    #wpdmmydls-0500aa1f6447c0562a0f50462e5d0423_filter label{\n        font-weight: 400;\n    }\n    #wpdmmydls-0500aa1f6447c0562a0f50462e5d0423_filter input[type=search]{\n        display: inline-block;\n        width: 200px;\n    }\n    #wpdmmydls-0500aa1f6447c0562a0f50462e5d0423_length select{\n        display: inline-block;\n        width: 60px;\n    }\n\n    #wpdmmydls-0500aa1f6447c0562a0f50462e5d0423 .package-title{\n        color:#36597C;\n        font-size: 11pt;\n        font-weight: 700;\n    }\n    #wpdmmydls-0500aa1f6447c0562a0f50462e5d0423 .small-txt{\n        margin-right: 7px;\n    }\n    #wpdmmydls-0500aa1f6447c0562a0f50462e5d0423 td{\n        min-width: 150px;\n    }\n\n    #wpdmmydls-0500aa1f6447c0562a0f50462e5d0423 td.__dt_col_categories{\n        max-width: 300px;\n    }\n\n    #wpdmmydls-0500aa1f6447c0562a0f50462e5d0423 .small-txt,\n    #wpdmmydls-0500aa1f6447c0562a0f50462e5d0423 small{\n        font-size: 9pt;\n    }\n    .w3eden .table-striped tbody tr:nth-of-type(2n+1) {\n        background-color: rgba(0,0,0,0.015);\n    }\n    .dataTables_wrapper .dataTables_paginate .paginate_button:active,\n    .dataTables_wrapper .dataTables_paginate .paginate_button:focus,\n    .dataTables_wrapper .dataTables_paginate .paginate_button:hover,\n    .dataTables_wrapper .dataTables_paginate .paginate_button{\n        margin: 0 !important;\n        padding: 0 !important;\n        border: 0 !important;\n        background: transparent !important;\n    }\n\n\n    @media (max-width: 799px) {\n        #wpdmmydls-0500aa1f6447c0562a0f50462e5d0423 tr {\n            display: block;\n            border: 3px solid rgba(0,0,0,0.3) !important;\n            margin-bottom: 10px !important;\n            position: relative;\n        }\n        #wpdmmydls-0500aa1f6447c0562a0f50462e5d0423 thead{\n            display: none;\n        }\n        #wpdmmydls-0500aa1f6447c0562a0f50462e5d0423,\n        #wpdmmydls-0500aa1f6447c0562a0f50462e5d0423 td:first-child {\n            border: 0 !important;\n        }\n        #wpdmmydls-0500aa1f6447c0562a0f50462e5d0423 td {\n            display: block;\n        }\n        #wpdmmydls-0500aa1f6447c0562a0f50462e5d0423 td.__dt_col_download_link {\n            display: block;\n            max-width: 100% !important;\n            width: auto !important;\n\n        }\n    }\n\n\n<\/style>\n<div class=\"w3eden\">\n    <div id=\"wpdm-all-packages\">\n        <table id=\"wpdmmydls-0500aa1f6447c0562a0f50462e5d0423\" class=\"table table-striped wpdm-all-packages-table\">\n            <thead>\n            <tr>\n                                <th style=\"\"  id=\"pagelink\" class=\"\">Titel<\/th>\n                                <th style=\"\"  id=\"categories\" class=\"hidden-sm hidden-xs\">Kategorien<\/th>\n                                <th style=\"\"  id=\"updatedate\" class=\"hidden-sm hidden-xs\">Aktualisierungsdatum<\/th>\n                                <th style=\"\"  id=\"downloadlink\" class=\"hidden-sm hidden-xs\">Download<\/th>\n                \n            <\/tr>\n            <\/thead>\n            <tbody>\n            \n                    <tr class=\"__dt_row\">\n                                                <td  class=\"__dt_col_0 __dt_col __dt_col_page_link\" style=\"background-image: url('https:\/\/test.stvsteinach.ch\/wp-content\/plugins\/download-manager\/assets\/file-type-icons\/pdf.svg');background-size: 36px;background-position: 5px 8px;background-repeat:  no-repeat;padding-left: 52px;line-height: normal;\">\n                            <a class=\"package-title\" href='https:\/\/test.stvsteinach.ch\/index.php\/download\/kidssports-knigge\/'>KidsSports Knigge<\/a><br\/><span class='__dt_file_count small-txt'>1<\/span><span class='__dt_download_count small-txt'><i class=\"far fa-arrow-alt-circle-down\"><\/i> 858 Downloads<\/span><div class=\"hidden-md hidden-lg td-mobile\"><\/div>\n\n                        <\/td>\n                                                <td  class=\"__dt_col_1 __dt_col __dt_col_categories\" >\n                            <span class='__dt_categories '><a class='sbyc' href='https:\/\/test.stvsteinach.ch\/index.php\/kidssports\/ranglisten\/?tax%5Bwpdmcategory%5D=kidssports'>KidsSports<\/a><\/span>\n\n                        <\/td>\n                                                <td  data-order=\"1678320000\"  class=\"__dt_col_2 __dt_col __dt_col_update_date\" >\n                            <span class='__dt_update_date '>9. M\u00e4rz 2023<\/span>\n\n                        <\/td>\n                                                <td  class=\"__dt_col_3 __dt_col __dt_col_download_link\" >\n                            <a class='wpdm-download-link download-on-click btn btn-primary ' rel='nofollow' href='#' data-downloadurl=\"https:\/\/test.stvsteinach.ch\/index.php\/download\/kidssports-knigge\/?wpdmdl=7022&refresh=69e8d676dc0a51776866934\">Download<\/a>\n\n                        <\/td>\n                        \n                    <\/tr>\n                \n                    <tr class=\"__dt_row\">\n                                                <td  class=\"__dt_col_0 __dt_col __dt_col_page_link\" style=\"background-image: url('https:\/\/test.stvsteinach.ch\/wp-content\/plugins\/download-manager\/assets\/file-type-icons\/pdf.svg');background-size: 36px;background-position: 5px 8px;background-repeat:  no-repeat;padding-left: 52px;line-height: normal;\">\n                            <a class=\"package-title\" href='https:\/\/test.stvsteinach.ch\/index.php\/download\/rangliste-jugitag-thal-2017\/'>Rangliste Jugitag Thal 2017<\/a><br\/><span class='__dt_file_count small-txt'>1<\/span><span class='__dt_download_count small-txt'><i class=\"far fa-arrow-alt-circle-down\"><\/i> 63 Downloads<\/span><div class=\"hidden-md hidden-lg td-mobile\"><\/div>\n\n                        <\/td>\n                                                <td  class=\"__dt_col_1 __dt_col __dt_col_categories\" >\n                            <span class='__dt_categories '><a class='sbyc' href='https:\/\/test.stvsteinach.ch\/index.php\/kidssports\/ranglisten\/?tax%5Bwpdmcategory%5D=kidssports'>KidsSports<\/a><\/span>\n\n                        <\/td>\n                                                <td  data-order=\"1497225600\"  class=\"__dt_col_2 __dt_col __dt_col_update_date\" >\n                            <span class='__dt_update_date '>12. Juni 2017<\/span>\n\n                        <\/td>\n                                                <td  class=\"__dt_col_3 __dt_col __dt_col_download_link\" >\n                            <a class='wpdm-download-link download-on-click btn btn-primary ' rel='nofollow' href='#' data-downloadurl=\"https:\/\/test.stvsteinach.ch\/index.php\/download\/rangliste-jugitag-thal-2017\/?wpdmdl=5876&refresh=69e8d676df0f51776866934\">Download<\/a>\n\n                        <\/td>\n                        \n                    <\/tr>\n                \n                    <tr class=\"__dt_row\">\n                                                <td  class=\"__dt_col_0 __dt_col __dt_col_page_link\" style=\"background-image: url('https:\/\/www.stvsteinach.ch\/wp-content\/plugins\/download-manager\/assets\/file-type-icons\/pdf.png');background-size: 36px;background-position: 5px 8px;background-repeat:  no-repeat;padding-left: 52px;line-height: normal;\">\n                            <a class=\"package-title\" href='https:\/\/test.stvsteinach.ch\/index.php\/download\/rangliste-kreisjugitag-2016-st-gallen\/'>Rangliste Kreisjugitag 2016 St.Gallen<\/a><br\/><span class='__dt_file_count small-txt'>1<\/span><span class='__dt_download_count small-txt'><i class=\"far fa-arrow-alt-circle-down\"><\/i> 106 Downloads<\/span><div class=\"hidden-md hidden-lg td-mobile\"><\/div>\n\n                        <\/td>\n                                                <td  class=\"__dt_col_1 __dt_col __dt_col_categories\" >\n                            <span class='__dt_categories '><a class='sbyc' href='https:\/\/test.stvsteinach.ch\/index.php\/kidssports\/ranglisten\/?tax%5Bwpdmcategory%5D=kidssports'>KidsSports<\/a><\/span>\n\n                        <\/td>\n                                                <td  data-order=\"1464566400\"  class=\"__dt_col_2 __dt_col __dt_col_update_date\" >\n                            <span class='__dt_update_date '>30. Mai 2016<\/span>\n\n                        <\/td>\n                                                <td  class=\"__dt_col_3 __dt_col __dt_col_download_link\" >\n                            <a class='wpdm-download-link download-on-click btn btn-primary ' rel='nofollow' href='#' data-downloadurl=\"https:\/\/test.stvsteinach.ch\/index.php\/download\/rangliste-kreisjugitag-2016-st-gallen\/?wpdmdl=4745&refresh=69e8d676e23251776866934\">Download<\/a>\n\n                        <\/td>\n                        \n                    <\/tr>\n                                        <\/tbody>\n        <\/table>\n\n        <div class='text-center'><ul class='pagination wpdm-pagination pagination-centered text-center'><\/ul><\/div>\n    <\/div>\n<\/div>\n[\/vc_column_text][\/vc_column][\/vc_row]<\/p>\n<\/div>","protected":false},"excerpt":{"rendered":"<p>[vc_row][vc_column width=&#8221;1\/1&#8243;][vc_column_text c_id=&#8221;.vc_1458830052484&#8243;]Unten finde Sie s\u00e4mtliche Ranglisten zu den von uns besuchten Wettk\u00e4mpfen. Mit Einverst\u00e4ndnis des Veranstalters stellen wir Ihnen diese gern zum Download zur Verf\u00fcgung.[\/vc_column_text][\/vc_column][\/vc_row][vc_row][vc_column width=&#8221;1\/1&#8243;][vc_column_text c_id=&#8221;.vc_1462884485549&#8243;][\/vc_column_text][\/vc_column][\/vc_row]<\/p>\n","protected":false},"author":1,"featured_media":0,"parent":3249,"menu_order":0,"comment_status":"closed","ping_status":"closed","template":"page-templates\/page-right.php","meta":{"footnotes":""},"class_list":["post-3330","page","type-page","status-publish","hentry","no-thumbnail"],"aioseo_notices":[],"_links":{"self":[{"href":"https:\/\/test.stvsteinach.ch\/index.php\/wp-json\/wp\/v2\/pages\/3330","targetHints":{"allow":["GET"]}}],"collection":[{"href":"https:\/\/test.stvsteinach.ch\/index.php\/wp-json\/wp\/v2\/pages"}],"about":[{"href":"https:\/\/test.stvsteinach.ch\/index.php\/wp-json\/wp\/v2\/types\/page"}],"author":[{"embeddable":true,"href":"https:\/\/test.stvsteinach.ch\/index.php\/wp-json\/wp\/v2\/users\/1"}],"replies":[{"embeddable":true,"href":"https:\/\/test.stvsteinach.ch\/index.php\/wp-json\/wp\/v2\/comments?post=3330"}],"version-history":[{"count":0,"href":"https:\/\/test.stvsteinach.ch\/index.php\/wp-json\/wp\/v2\/pages\/3330\/revisions"}],"up":[{"embeddable":true,"href":"https:\/\/test.stvsteinach.ch\/index.php\/wp-json\/wp\/v2\/pages\/3249"}],"wp:attachment":[{"href":"https:\/\/test.stvsteinach.ch\/index.php\/wp-json\/wp\/v2\/media?parent=3330"}],"curies":[{"name":"wp","href":"https:\/\/api.w.org\/{rel}","templated":true}]}}