{"id":3315,"date":"2016-01-01T11:30:44","date_gmt":"2016-01-01T10:30:44","guid":{"rendered":"http:\/\/wp.vikow.ch\/wp\/?page_id=3315"},"modified":"2025-09-24T21:47:17","modified_gmt":"2025-09-24T19:47:17","slug":"trainingsplan","status":"publish","type":"page","link":"https:\/\/test.stvsteinach.ch\/index.php\/kidssports\/riegen\/trainingsplan\/","title":{"rendered":"Trainingsplan"},"content":{"rendered":"<div class=\"wpb-content-wrapper\"><p>[vc_row][vc_column][vc_column_text c_id=&#8221;.vc_1461575623720&#8243;]Springen, Laufen, H\u00fcpfen, Spielen, Klettern, Tanzen,&#8230;!<br \/>\nBei uns im KidsSports kannst Du dich austoben, sei es beim Spielen, in der Leichtathletik oder an den Turnger\u00e4ten. In den polysportiven Riegen ist f\u00fcr jedes Kind etwas dabei, vom MuKi-Turnen (ab 3 Jahren) \u00fcber Kinderturnen bis in die Oberstufe. Du darfst gerne jederzeit in der Turnhalle vorbeischauen:[\/vc_column_text][\/vc_column][\/vc_row][vc_row][vc_column][vc_single_image image=&#8221;11515&#8243; alignment=&#8221;center&#8221; style=&#8221;vc_box_shadow&#8221; onclick=&#8221;link_image&#8221; css_animation=&#8221;top-to-bottom&#8221; css=&#8221;&#8221; img_size=&#8221;large&#8221;][\/vc_column][\/vc_row][vc_row][vc_column width=&#8221;1\/3&#8243;][ivan_counter sub=&#8221;Kinder&#8221; animated=&#8221;yes&#8221; start=&#8221;0&#8243; duration=&#8221;6&#8243; c_id=&#8221;.vc_1461574736904&#8243;]130[\/ivan_counter][\/vc_column][vc_column width=&#8221;1\/3&#8243;][ivan_counter sub=&#8221;Leiterinnen und Leiter&#8221; animated=&#8221;yes&#8221; start=&#8221;0&#8243; duration=&#8221;5&#8243; c_id=&#8221;.vc_1461575515808&#8243;]15[\/ivan_counter][\/vc_column][vc_column width=&#8221;1\/3&#8243;][ivan_counter sub=&#8221;Trainings pro Jahr&#8221; animated=&#8221;yes&#8221; start=&#8221;0&#8243; duration=&#8221;6&#8243; c_id=&#8221;.vc_1461575244145&#8243;]320[\/ivan_counter][\/vc_column][\/vc_row][vc_row][vc_column][vc_row_inner][vc_column_inner][vc_text_separator title=&#8221;Verhaltensregeln f\u00fcr KidsSports&#8221; title_align=&#8221;separator_align_left&#8221;][ivan_button link=&#8221;https:\/\/www.stvsteinach.ch\/index.php\/download\/kidssports-knigge\/?wpdmdl=7022&amp;refresh=5d9c47771b0981570522999&#8243; target=&#8221;yes&#8221; border_r=&#8221;square&#8221; style=&#8221;outline&#8221; display=&#8221;btn-block&#8221; align=&#8221;to-center&#8221; icon_area=&#8221;icon&#8221; c_id=&#8221;.vc_1570523496511&#8243; ico=&#8221;eye&#8221;]Download KidsSports &#8220;Knigge&#8221;[\/ivan_button][\/vc_column_inner][\/vc_row_inner][vc_text_separator title=&#8221;&#8221; i_icon_fontawesome=&#8221;fa fa-users&#8221; i_color=&#8221;grey&#8221; add_icon=&#8221;true&#8221;][\/vc_column][\/vc_row][vc_row cut_top=&#8221;top-right&#8221;][vc_column width=&#8221;1\/4&#8243;][vc_single_image image=&#8221;10985&#8243; style=&#8221;vc_box_rounded&#8221; onclick=&#8221;link_image&#8221; css_animation=&#8221;left-to-right&#8221; css=&#8221;&#8221; img_size=&#8221;ivan_project_wide_crop&#8221;][\/vc_column][vc_column width=&#8221;1\/2&#8243;][vc_column_text css_animation=&#8221;left-to-right&#8221; css=&#8221;&#8221; c_id=&#8221;.vc_1751840163483&#8243;]<\/p>\n<h2>MuKi\/VaKi-Turnen ab 3 Jahren<\/h2>\n<p>Montag, 08.45 Uhr &#8211; 09.30 Uhr<br \/>\nkleine Turnhalle<\/p>\n<p><strong>Start nach den Sommerferien: am 01.09.2025<\/strong><\/p>\n<p>Bitte anmelden!<\/p>\n<p>Leitung:<br \/>\nCarmelina Della Corte | kidssports@stvsteinach.ch[\/vc_column_text][\/vc_column][vc_column width=&#8221;1\/4&#8243;][\/vc_column][\/vc_row][vc_row][vc_column][vc_text_separator title=&#8221;&#8221; i_icon_fontawesome=&#8221;fa fa-users&#8221; i_color=&#8221;grey&#8221; add_icon=&#8221;true&#8221;][\/vc_column][\/vc_row][vc_row cut_top=&#8221;top-right&#8221;][vc_column width=&#8221;1\/4&#8243;][vc_single_image image=&#8221;10991&#8243; style=&#8221;vc_box_rounded&#8221; onclick=&#8221;link_image&#8221; css_animation=&#8221;left-to-right&#8221; css=&#8221;&#8221; img_size=&#8221;ivan_project_wide_crop&#8221;][\/vc_column][vc_column width=&#8221;1\/2&#8243;][vc_column_text css_animation=&#8221;left-to-right&#8221; css=&#8221;&#8221; c_id=&#8221;.vc_1751840324613&#8243;]<\/p>\n<h2>Kinderturnen<\/h2>\n<p><strong>Ge\u00e4nderte Trainingszeit ab neuem Schuljahr 2025\/2026:<\/strong><\/p>\n<p>Donnerstag, 17.30 bis 18.30 Uhr\u00a0 \u00a0 \u00a0 \u00a0 \u00a0 \u00a0 \u00a0 \u00a0 \u00a0 \u00a0 \u00a0 \u00a0 \u00a0 \u00a0 \u00a0 \u00a0 \u00a0 \u00a0 \u00a0 \u00a0 \u00a0 \u00a0 \u00a0 \u00a0 \u00a0 \u00a0 \u00a0 \u00a0 \u00a0 \u00a0 \u00a0 \u00a0 \u00a0 \u00a0 \u00a0 \u00a0 \u00a0 \u00a0kleine Turnhalle<\/p>\n<p><strong>Start nach Sommerferien: 21.08.2025<\/strong><\/p>\n<p>Begrenzte Platzzahl, bitte anmelden!<\/p>\n<p>Leitung:\u00a0 \u00a0 \u00a0 \u00a0 \u00a0 \u00a0 \u00a0 \u00a0 \u00a0 \u00a0 \u00a0 \u00a0 \u00a0 \u00a0 \u00a0 \u00a0 \u00a0 \u00a0 \u00a0 \u00a0 \u00a0 \u00a0 \u00a0 \u00a0 \u00a0 \u00a0 \u00a0 \u00a0 \u00a0 \u00a0 \u00a0 \u00a0 \u00a0 \u00a0 \u00a0 \u00a0 \u00a0 \u00a0 \u00a0 \u00a0 \u00a0 \u00a0 \u00a0 \u00a0 \u00a0 \u00a0 \u00a0 \u00a0 \u00a0 \u00a0 \u00a0 \u00a0 \u00a0 \u00a0 \u00a0 \u00a0 \u00a0 \u00a0 \u00a0 \u00a0 \u00a0 \u00a0 \u00a0 Patricia Horber | +41 77 425 30 59\u00a0 \u00a0 \u00a0 \u00a0 \u00a0 \u00a0 \u00a0 \u00a0 \u00a0 \u00a0 \u00a0 \u00a0 \u00a0 \u00a0 \u00a0 \u00a0 \u00a0 \u00a0 \u00a0 \u00a0 \u00a0 \u00a0 \u00a0 \u00a0 \u00a0 \u00a0 \u00a0 \u00a0 \u00a0 \u00a0 \u00a0 \u00a0 \u00a0 \u00a0 \u00a0Larissa D\u00f6rig[\/vc_column_text][\/vc_column][vc_column width=&#8221;1\/4&#8243;][\/vc_column][\/vc_row][vc_row][vc_column][vc_text_separator title=&#8221;&#8221; i_icon_fontawesome=&#8221;fa fa-users&#8221; i_color=&#8221;grey&#8221; add_icon=&#8221;true&#8221;][\/vc_column][\/vc_row][vc_row cut_top=&#8221;top-right&#8221;][vc_column width=&#8221;1\/4&#8243;][vc_single_image image=&#8221;10989&#8243; style=&#8221;vc_box_rounded&#8221; onclick=&#8221;link_image&#8221; css_animation=&#8221;left-to-right&#8221; css=&#8221;&#8221; img_size=&#8221;ivan_project_wide_crop&#8221;][\/vc_column][vc_column width=&#8221;1\/2&#8243;][vc_column_text css_animation=&#8221;left-to-right&#8221; css=&#8221;&#8221; c_id=&#8221;.vc_1751840275964&#8243;]<\/p>\n<h2>M\u00e4dchen 1.\/2. Klasse<\/h2>\n<p><strong>Ge\u00e4nderte Trainingszeit ab neuem Schuljahr 2025\/2026:<\/strong><\/p>\n<p>Dienstag, 17.00 &#8211; 18.00 Uhr<br \/>\nkleine Turnhalle<\/p>\n<p>Nur noch wenige freie Pl\u00e4tze, bitte anmelden!<\/p>\n<p>Leitung:<br \/>\nNadia Tarantino | +41 78 754 07 07[\/vc_column_text][\/vc_column][vc_column width=&#8221;1\/4&#8243;][\/vc_column][\/vc_row][vc_row][vc_column][vc_text_separator title=&#8221;&#8221; i_icon_fontawesome=&#8221;fa fa-users&#8221; i_color=&#8221;grey&#8221; add_icon=&#8221;true&#8221;][\/vc_column][\/vc_row][vc_row cut_top=&#8221;top-right&#8221;][vc_column width=&#8221;1\/4&#8243;][vc_single_image image=&#8221;10990&#8243; style=&#8221;vc_box_rounded&#8221; onclick=&#8221;link_image&#8221; css_animation=&#8221;left-to-right&#8221; css=&#8221;&#8221; img_size=&#8221;ivan_project_wide_crop&#8221;][\/vc_column][vc_column width=&#8221;1\/2&#8243;][vc_column_text css_animation=&#8221;left-to-right&#8221; css=&#8221;&#8221; c_id=&#8221;.vc_1751840362872&#8243;]<\/p>\n<h2>Knaben 1.\/2. Klasse<\/h2>\n<p>Dienstag, 18.00 &#8211; 19.00 Uhr<br \/>\nkleine Turnhalle<\/p>\n<p>Nur noch wenige freie Pl\u00e4tze, bitte anmelden!<\/p>\n<p>Leitung:<br \/>\nFabio Christen | +41 79 766 28 82<br \/>\nC\u00e9dric Michel[\/vc_column_text][\/vc_column][vc_column width=&#8221;1\/4&#8243;][\/vc_column][\/vc_row][vc_row][vc_column][vc_text_separator title=&#8221;&#8221; i_icon_fontawesome=&#8221;fa fa-users&#8221; i_color=&#8221;grey&#8221; add_icon=&#8221;true&#8221;][\/vc_column][\/vc_row][vc_row cut_top=&#8221;top-right&#8221;][vc_column width=&#8221;1\/4&#8243;][vc_single_image image=&#8221;11040&#8243; style=&#8221;vc_box_rounded&#8221; onclick=&#8221;link_image&#8221; css_animation=&#8221;left-to-right&#8221; css=&#8221;&#8221; img_size=&#8221;ivan_project_wide_crop&#8221;][\/vc_column][vc_column width=&#8221;1\/2&#8243;][vc_column_text css_animation=&#8221;left-to-right&#8221; css=&#8221;&#8221; c_id=&#8221;.vc_1758743706300&#8243;]<\/p>\n<h2>M\u00e4dchen 3.\/4. Klasse<\/h2>\n<p>Montag, 18.45 &#8211; 20.00 Uhr<br \/>\nkleine Turnhalle<\/p>\n<p><strong>Aktuell werden keine neuen Kinder mehr aufgenommen! Bei Interesse f\u00fcr die Warteliste, bitte Kontakt mit der Hauptleitung aufnehmen.<\/strong><\/p>\n<p>Leitung:<br \/>\nSeraina Camenisch | +41 77 499 70 57<br \/>\nRiccarda Steinlin<br \/>\nCristina Garcia[\/vc_column_text][\/vc_column][vc_column width=&#8221;1\/4&#8243;][\/vc_column][\/vc_row][vc_row][vc_column][vc_text_separator title=&#8221;&#8221; i_icon_fontawesome=&#8221;fa fa-users&#8221; i_color=&#8221;grey&#8221; add_icon=&#8221;true&#8221;][\/vc_column][\/vc_row][vc_row cut_top=&#8221;top-right&#8221;][vc_column width=&#8221;1\/4&#8243;][vc_single_image image=&#8221;10988&#8243; style=&#8221;vc_box_rounded&#8221; onclick=&#8221;link_image&#8221; css_animation=&#8221;left-to-right&#8221; css=&#8221;&#8221; img_size=&#8221;ivan_project_wide_crop&#8221;][\/vc_column][vc_column width=&#8221;1\/2&#8243;][vc_column_text css_animation=&#8221;left-to-right&#8221; css=&#8221;&#8221; c_id=&#8221;.vc_1745333597900&#8243;]<\/p>\n<h2>Knaben 3.\/4. Klasse<\/h2>\n<p>Donnerstag, 18.30 &#8211; 20.00 Uhr<br \/>\nkleine Turnhalle<\/p>\n<p>Leitung:<br \/>\nSarah Chovanec| +41 76 206 09 02<br \/>\nMarc M\u00e4hr[\/vc_column_text][\/vc_column][vc_column width=&#8221;1\/4&#8243;][\/vc_column][\/vc_row][vc_row][vc_column][vc_text_separator title=&#8221;&#8221; i_icon_fontawesome=&#8221;fa fa-users&#8221; i_color=&#8221;grey&#8221; add_icon=&#8221;true&#8221;][\/vc_column][\/vc_row][vc_row cut_top=&#8221;top-right&#8221;][vc_column width=&#8221;1\/4&#8243;][vc_single_image image=&#8221;10984&#8243; style=&#8221;vc_box_rounded&#8221; onclick=&#8221;link_image&#8221; css_animation=&#8221;left-to-right&#8221; css=&#8221;&#8221; img_size=&#8221;ivan_project_wide_crop&#8221;][\/vc_column][vc_column width=&#8221;1\/2&#8243;][vc_column_text css_animation=&#8221;left-to-right&#8221; css=&#8221;&#8221; c_id=&#8221;.vc_1751840403857&#8243;]<\/p>\n<h2>5.-9. Klasse Mixed! (M\u00e4dchen &amp; Knaben)<\/h2>\n<p>Donnerstag, 18.30 &#8211; 19.55 Uhr<br \/>\nTurnhalle in Berg SG<\/p>\n<p>Nur noch wenige freie Pl\u00e4tze, bitte anmelden!<\/p>\n<p>Leitung:<br \/>\nBeat Adami | +41 79 236 04 74<br \/>\nJennifer Sax\u00a0\u00a0\u00a0\u00a0\u00a0\u00a0\u00a0\u00a0\u00a0\u00a0\u00a0\u00a0\u00a0\u00a0\u00a0\u00a0\u00a0\u00a0\u00a0\u00a0\u00a0\u00a0\u00a0\u00a0\u00a0\u00a0\u00a0\u00a0\u00a0\u00a0\u00a0\u00a0\u00a0\u00a0\u00a0\u00a0\u00a0\u00a0\u00a0\u00a0\u00a0\u00a0\u00a0\u00a0\u00a0\u00a0\u00a0\u00a0\u00a0\u00a0\u00a0\u00a0\u00a0\u00a0\u00a0\u00a0\u00a0\u00a0\u00a0\u00a0\u00a0\u00a0\u00a0\u00a0\u00a0\u00a0\u00a0\u00a0\u00a0\u00a0\u00a0\u00a0\u00a0\u00a0\u00a0\u00a0\u00a0\u00a0\u00a0\u00a0\u00a0\u00a0\u00a0\u00a0\u00a0\u00a0\u00a0\u00a0\u00a0\u00a0\u00a0\u00a0\u00a0\u00a0\u00a0\u00a0\u00a0\u00a0\u00a0\u00a0\u00a0\u00a0\u00a0 Christian Ruckstuhl[\/vc_column_text][\/vc_column][vc_column width=&#8221;1\/4&#8243;][vc_single_image image=&#8221;3932&#8243; alignment=&#8221;right&#8221; style=&#8221;vc_box_rounded&#8221; onclick=&#8221;link_image&#8221; css_animation=&#8221;right-to-left&#8221; img_size=&#8221;ivan_project_wide_crop&#8221;][\/vc_column][\/vc_row]<\/p>\n<\/div>","protected":false},"excerpt":{"rendered":"<p>[vc_row][vc_column][vc_column_text c_id=&#8221;.vc_1461575623720&#8243;]Springen, Laufen, H\u00fcpfen, Spielen, Klettern, Tanzen,&#8230;! Bei uns im KidsSports kannst Du dich austoben, sei es beim Spielen, in der Leichtathletik oder an den Turnger\u00e4ten. In den polysportiven Riegen [&hellip;]<\/p>\n","protected":false},"author":1,"featured_media":0,"parent":3312,"menu_order":0,"comment_status":"closed","ping_status":"closed","template":"page-templates\/page-right.php","meta":{"footnotes":""},"class_list":["post-3315","page","type-page","status-publish","hentry","no-thumbnail"],"aioseo_notices":[],"_links":{"self":[{"href":"https:\/\/test.stvsteinach.ch\/index.php\/wp-json\/wp\/v2\/pages\/3315","targetHints":{"allow":["GET"]}}],"collection":[{"href":"https:\/\/test.stvsteinach.ch\/index.php\/wp-json\/wp\/v2\/pages"}],"about":[{"href":"https:\/\/test.stvsteinach.ch\/index.php\/wp-json\/wp\/v2\/types\/page"}],"author":[{"embeddable":true,"href":"https:\/\/test.stvsteinach.ch\/index.php\/wp-json\/wp\/v2\/users\/1"}],"replies":[{"embeddable":true,"href":"https:\/\/test.stvsteinach.ch\/index.php\/wp-json\/wp\/v2\/comments?post=3315"}],"version-history":[{"count":3,"href":"https:\/\/test.stvsteinach.ch\/index.php\/wp-json\/wp\/v2\/pages\/3315\/revisions"}],"predecessor-version":[{"id":11634,"href":"https:\/\/test.stvsteinach.ch\/index.php\/wp-json\/wp\/v2\/pages\/3315\/revisions\/11634"}],"up":[{"embeddable":true,"href":"https:\/\/test.stvsteinach.ch\/index.php\/wp-json\/wp\/v2\/pages\/3312"}],"wp:attachment":[{"href":"https:\/\/test.stvsteinach.ch\/index.php\/wp-json\/wp\/v2\/media?parent=3315"}],"curies":[{"name":"wp","href":"https:\/\/api.w.org\/{rel}","templated":true}]}}