{"id":3266,"date":"2015-12-31T15:27:10","date_gmt":"2015-12-31T14:27:10","guid":{"rendered":"http:\/\/wp.vikow.ch\/wp\/?page_id=3266"},"modified":"2023-01-31T09:41:08","modified_gmt":"2023-01-31T08:41:08","slug":"portrait","status":"publish","type":"page","link":"https:\/\/test.stvsteinach.ch\/index.php\/derverein\/ueber-uns\/portrait\/","title":{"rendered":"Portrait"},"content":{"rendered":"<div class=\"wpb-content-wrapper\"><p>[vc_row][vc_column][vc_column_text css_animation=&#8221;appear&#8221; c_id=&#8221;.vc_1464762911300&#8243;]Wir sind ein Verein f\u00fcr alle Sportbegeisterten. Egal ob Spiel und Spass oder Leistung und Kr\u00e4ftemessen; bei uns finden Jung und Alt eine sinnvolle Freizeitbesch\u00e4ftigung sowie gute Turnerfreundinnen und Turnerfreunde aus der Region Steinach. Dank unseren zahlreichen Riegen, mit ihren engagierten Leiterinnen und Leitern, findet Jede und Jeder ein passendes Angebot.<\/p>\n<p>In w\u00f6chentlichen Trainings treffen wir uns, um gemeinsam verschiedenste Sportarten zu betreiben. Einige Male pro Jahr besteht die M\u00f6glichkeit an Wettk\u00e4mpfen in der ganzen Schweiz teilzunehmen und sein K\u00f6nnen unter Beweis zu stellen.<\/p>\n<p>Wir organisieren zudem verschiedenste Veranstaltungen in Steinach; Besonders an unserem turnerischen Unterhaltungsabend bringen wir das ganze Dorf zusammen und stellen die sch\u00f6nsten Seiten des Turnens kreativ zur Schau.[\/vc_column_text][vc_text_separator title=&#8221;Unser Angebot&#8221; i_icon_fontawesome=&#8221;fas fa-cogs&#8221; i_color=&#8221;custom&#8221; border_width=&#8221;5&#8243; add_icon=&#8221;true&#8221; i_custom_color=&#8221;#a6224b&#8221; css=&#8221;.vc_custom_1657628213575{padding-top: 20px !important;}&#8221;][\/vc_column][\/vc_row][vc_row row_width_style=&#8221;theme_default&#8221; row_parallax_style=&#8221;parallax-none&#8221; row_parallax_ratio=&#8221;0.5&#8243; row_bg_repeat=&#8221;no-repeat&#8221; row_bg_position=&#8221;center center&#8221; row_bg_size=&#8221;cover&#8221; row_bg_att=&#8221;scroll&#8221; row_full_height=&#8221;no&#8221;][vc_column width=&#8221;1\/2&#8243;][vc_accordion active_tab=&#8221;false&#8221; c_id=&#8221;.vc_1458717121620&#8243;][vc_accordion_tab title=&#8221;KidsSports&#8221;][vc_column_text c_id=&#8221;.vc_1459674627399&#8243;]<\/p>\n<h5>Springen, Laufen, H\u00fcpfen, Spielen, Klettern, Tanzen,\u2026!<br \/>\nBei uns im KidsSports kannst Du dich austoben, sei es beim Spielen, in der Leichtathletik oder an den Turnger\u00e4ten&#8230;<\/h5>\n<p>[\/vc_column_text][ivan_button link=&#8221;https:\/\/www.stvsteinach.ch\/index.php\/kidssports\/riegen\/trainingsplan\/&#8221; c_id=&#8221;.vc_1675154157115&#8243;]mehr erfahren[\/ivan_button][\/vc_accordion_tab][vc_accordion_tab title=&#8221;ActiveSports&#8221;][vc_column_text c_id=&#8221;.vc_1545472842384&#8243;]<\/p>\n<h5>Wir sind eine Gruppe von jungen M\u00e4nnern un Frauen im Alter von ca. 14 bis 35 Jahren. So unterschiedlich wie unser Alter, sind auch unsere T\u00e4tigkeiten ausserhalb der Turnhalle&#8230;<\/h5>\n<p>[\/vc_column_text][ivan_button link=&#8221;https:\/\/www.stvsteinach.ch\/index.php\/aktive\/mensports\/portrait\/&#8221; c_id=&#8221;.vc_1464508510893&#8243;]mehr erfahren[\/ivan_button][\/vc_accordion_tab][vc_accordion_tab title=&#8221;Frauenriege&#8221;][vc_column_text c_id=&#8221;.vc_1459674884790&#8243;]<\/p>\n<h5>Im Jahre 2015 hat die Frauensektion des STV Steinach ihr 60 Jahr-Jubil\u00e4um gefeiert. Die Frauenriegen sind ein wichtiger Bestandteil des Gesamtvereins mit ihrer grossen Mitgliederzahl und den zuverl\u00e4ssigen Helfereins\u00e4tzen&#8230;<\/h5>\n<p>[\/vc_column_text][ivan_button link=&#8221;https:\/\/www.stvsteinach.ch\/index.php\/frauen-maenner\/frauenriege\/portrait_fr\/&#8221; c_id=&#8221;.vc_1464508537378&#8243;]mehr erfahren[\/ivan_button][\/vc_accordion_tab][\/vc_accordion][\/vc_column][vc_column width=&#8221;1\/2&#8243;][vc_accordion active_tab=&#8221;false&#8221; c_id=&#8221;.vc_1458717112548&#8243;][vc_accordion_tab title=&#8221;M\u00e4nnerriege&#8221;][vc_column_text c_id=&#8221;.vc_1459674656125&#8243;]<\/p>\n<h5>Bereits seit 1931 ist die M\u00e4nnerriege ein wichtiger Bestandteil des STV Steinach.W\u00f6chentlich treffen sich zwischen 12 und 20 stramme Turner besten Alters in der grossen Turnhalle in Steinach zum Training&#8230;<\/h5>\n<p>[\/vc_column_text][ivan_button link=&#8221;https:\/\/www.stvsteinach.ch\/index.php\/frauen-maenner\/maennerriege\/portrait_mr\/&#8221; c_id=&#8221;.vc_1464508202562&#8243;]mehr erfahren[\/ivan_button][\/vc_accordion_tab][vc_accordion_tab title=&#8221;Sektionsturnen&#8221;][vc_column_text c_id=&#8221;.vc_1459674827033&#8243;]<\/p>\n<h5>Urspr\u00fcnglich als spontaner Versuch gedacht, gr\u00fcndete der STV Steinach zusammen mit dem STV Arbon im Dezember 2014 eine Sektionsgruppe mit dem Ziel, regelm\u00e4ssig an Wettk\u00e4mpfen teilzunehmen.<\/h5>\n<p>[\/vc_column_text][ivan_button link=&#8221;https:\/\/www.stvsteinach.ch\/index.php\/geraeteturnen\/sektionsturnen\/portrait_st\/&#8221; c_id=&#8221;.vc_1464508217017&#8243;]mehr erfahren[\/ivan_button][\/vc_accordion_tab][vc_accordion_tab title=&#8221;Ger\u00e4teturnen &amp; KidsGym&#8221;][vc_column_text c_id=&#8221;.vc_1545473055894&#8243;]<\/p>\n<h5>Der STV Steinach f\u00fchrt nebst den polysportiven KidsSports-Riegen seit 2004 auch eine Riege mit dem Schwerpunkt Ger\u00e4teturnen. Ziel ist es, motivierten Turnerinnen und Turnern das Ger\u00e4teturnen n\u00e4her zu bringen und eine Stufengerechte F\u00f6rderung anzubieten. Das KidsGym ist eine KiTu-Riege als Vorstufe f\u00fcr die Ger\u00e4teriege.<\/h5>\n<p>[\/vc_column_text][ivan_button link=&#8221;https:\/\/www.stvsteinach.ch\/index.php\/geraeteturnen\/kidsgym\/portrait-kidsgym\/&#8221; c_id=&#8221;.vc_1675154376328&#8243;]KidsGym[\/ivan_button][ivan_button link=&#8221;https:\/\/www.stvsteinach.ch\/index.php\/geraeteturnen\/nachwuchs\/portrait\/&#8221; c_id=&#8221;.vc_1675154221540&#8243;]Nachwuchs[\/ivan_button][\/vc_accordion_tab][\/vc_accordion][\/vc_column][\/vc_row][vc_row][vc_column][vc_text_separator title=&#8221;Die Turnerfamilie des STV Steinach&#8221; i_icon_fontawesome=&#8221;fas fa-users&#8221; i_color=&#8221;custom&#8221; border_width=&#8221;4&#8243; add_icon=&#8221;true&#8221; i_custom_color=&#8221;#a6224b&#8221;][vc_single_image image=&#8221;8866&#8243; alignment=&#8221;center&#8221; css_animation=&#8221;bottom-to-top&#8221; img_size=&#8221;ivan_project_quad_crop&#8221;][\/vc_column][\/vc_row][vc_row][vc_column][\/vc_column][\/vc_row]<\/p>\n<\/div>","protected":false},"excerpt":{"rendered":"<p>[vc_row][vc_column][vc_column_text css_animation=&#8221;appear&#8221; c_id=&#8221;.vc_1464762911300&#8243;]Wir sind ein Verein f\u00fcr alle Sportbegeisterten. Egal ob Spiel und Spass oder Leistung und Kr\u00e4ftemessen; bei uns finden Jung und Alt eine sinnvolle Freizeitbesch\u00e4ftigung sowie gute Turnerfreundinnen [&hellip;]<\/p>\n","protected":false},"author":1,"featured_media":0,"parent":3246,"menu_order":0,"comment_status":"closed","ping_status":"closed","template":"page-templates\/page-right.php","meta":{"footnotes":""},"class_list":["post-3266","page","type-page","status-publish","hentry","no-thumbnail"],"aioseo_notices":[],"_links":{"self":[{"href":"https:\/\/test.stvsteinach.ch\/index.php\/wp-json\/wp\/v2\/pages\/3266","targetHints":{"allow":["GET"]}}],"collection":[{"href":"https:\/\/test.stvsteinach.ch\/index.php\/wp-json\/wp\/v2\/pages"}],"about":[{"href":"https:\/\/test.stvsteinach.ch\/index.php\/wp-json\/wp\/v2\/types\/page"}],"author":[{"embeddable":true,"href":"https:\/\/test.stvsteinach.ch\/index.php\/wp-json\/wp\/v2\/users\/1"}],"replies":[{"embeddable":true,"href":"https:\/\/test.stvsteinach.ch\/index.php\/wp-json\/wp\/v2\/comments?post=3266"}],"version-history":[{"count":0,"href":"https:\/\/test.stvsteinach.ch\/index.php\/wp-json\/wp\/v2\/pages\/3266\/revisions"}],"up":[{"embeddable":true,"href":"https:\/\/test.stvsteinach.ch\/index.php\/wp-json\/wp\/v2\/pages\/3246"}],"wp:attachment":[{"href":"https:\/\/test.stvsteinach.ch\/index.php\/wp-json\/wp\/v2\/media?parent=3266"}],"curies":[{"name":"wp","href":"https:\/\/api.w.org\/{rel}","templated":true}]}}